{"id":907,"date":"2025-01-16T12:09:13","date_gmt":"2025-01-16T11:09:13","guid":{"rendered":"https:\/\/clinicadentalcruells.cat\/servicios\/"},"modified":"2025-02-04T13:57:42","modified_gmt":"2025-02-04T12:57:42","slug":"servicios","status":"publish","type":"page","link":"https:\/\/clinicadentalcruells.cat\/es\/servicios\/","title":{"rendered":"Servicios"},"content":{"rendered":"\t\t<div data-elementor-type=\"wp-page\" data-elementor-id=\"907\" class=\"elementor elementor-907 elementor-616\">\n\t\t\t\t\t\t<div class=\"elementor-section elementor-top-section elementor-element elementor-element-e8932bf pbmit-col-stretched-none pbmit-bg-color-over-image elementor-section-boxed elementor-section-height-default elementor-section-height-default\" data-id=\"e8932bf\" data-element_type=\"section\">\n\t\t\t\t\t\t<div class=\"elementor-container elementor-column-gap-no\">\n\t\t\t\t\t<div class=\"elementor-column elementor-col-100 elementor-top-column elementor-element elementor-element-8518514 pbmit-bg-color-over-image\" data-id=\"8518514\" data-element_type=\"column\">\n\t\t\t<div class=\"elementor-widget-wrap elementor-element-populated\">\n\t\t\t\t\t\t<div class=\"elementor-element elementor-element-1abc85e elementor-widget elementor-widget-pbmit_service_element\" data-id=\"1abc85e\" data-element_type=\"widget\" data-widget_type=\"pbmit_service_element.default\">\n\t\t\t\t<div class=\"elementor-widget-container\">\n\t\t\t\t\t\n\t\t\n\t\t<div class=\"pbminfotech-element\n\t\t\tpbminfotech-element-service\t\t\tpbmit-element-service-style-1\t\t\tpbmit-element-viewtype-row-column\t\t\tpbmit-element-column-three\t\t\tpbmit-element-sticky-carousel-false\t\t\tpbmit-element-caroursel-dot-false\t\t\tpbmit-infinite-scroll-no\t\t\tpbmit-infinite-scroll-button-no\t\t\tpbminfotech-gap-default\t\t\t\t\t\t\t\t\t\"\n\n\t\t\tdata-cpt=\"service\"\n\t\t\tdata-totalpagination=\"1\"\n\t\t\tdata-style=\"1\"\n\t\t\tdata-show=\"6\"\n\t\t\tdata-columns=\"3\"\n\t\t\tdata-loop=\"false\"\n\t\t\tdata-autoplay=\"false\"\n\t\t\tdata-center=\"false\"\n\t\t\tdata-nav=\"false\"\n\t\t\tdata-dots=\"false\"\n\t\t\tdata-reverse=\"false\"\n\t\t\tdata-speed=\"1000\"\n\t\t\tdata-delay=\"4000\"\n\t\t\tdata-margin=\"default\"\n\t\t\tdata-show-portion=\"false\">\n\n\t\t\t<div class=\"pbmit-element-inner\">\n\t\t\n\n\t\t\t\t\t<div class=\"pbmit-ele-header-area\">\n\t\t\t\t <div class=\"pbmit-heading-subheading pbmit-heading-subheading-style-1  animation-style4\"><\/div>\t\t\t\t\t\t\t\t\t\t\t<\/div>\n\t\t<div class=\"pbmit-infinite-scroll-data\">{\"cpt\":\"service\",\"style\":\"1\",\"columns\":\"3\",\"show\":\"6\",\"order\":\"DESC\",\"orderby\":\"none\"}<\/div>\n\t\t\t\t<div class=\"pbmit-element-posts-wrapper row multi-columns-row  \">\n\n\t\t\t\t\t\n\t\t\t\t\t<article class=\"pbmit-ele pbmit-ele-service pbmit-service-style-1 col-md-4   \">\n<div class=\"pbminfotech-post-item\">\n\t<div class=\"pbminfotech-box-content\">\n\t\t<div class=\"pbmit-box-content-wrap\">\n\t\t\t<div class=\"pbmit-box-content-inner\">\n\t\t\t\t<div class=\"pbmit-contant-box\">\n\t\t\t\t\t<div class=\"pbmit-serv-cat\"><\/div>\n\t\t\t\t\t<h3 class=\"pbmit-service-title\"><a href=\"https:\/\/clinicadentalcruells.cat\/es\/service\/odontologia-general\/\">Odontolog\u00eda general<\/a><\/h3>\n\t\t\t\t\t\t\t\t\t\t\t<div class=\"pbmit-service-description\">\n\t\t\t\t\t\t\tCuidamos tu salud bucodental con un servicio cercano y de calidad.\t\t\t\t\t\t<\/div>\n\t\t\t\t\t\t\t\t\t<\/div>\n\t\t\t\t<div class=\"pbmit-service-icon\">\n\t\t\t\t\t\n\t\t\t\t\t<i class=\"\"><\/i>\t\t\t\t\t\n\t\t\t\t<\/div>\n\t\t\t<\/div>\n\t\t<\/div>\n\t\t<a class=\"pbmit-service-btn\" href=\"https:\/\/clinicadentalcruells.cat\/es\/service\/odontologia-general\/\" title=\"Odontolog\u00eda general\"><span class=\"pbmit-button-icon-wrapper\"><span class=\"pbmit-button-icon\"><i class=\"pbmit-base-icon-black-arrow-1\"><\/i><\/span><\/span><\/a>\n\t<\/div>\n\t<a class=\"pbmit-link\" href=\"https:\/\/clinicadentalcruells.cat\/es\/service\/odontologia-general\/\"><\/a>\n<\/div><\/article><article class=\"pbmit-ele pbmit-ele-service pbmit-service-style-1 col-md-4   \">\n<div class=\"pbminfotech-post-item\">\n\t<div class=\"pbminfotech-box-content\">\n\t\t<div class=\"pbmit-box-content-wrap\">\n\t\t\t<div class=\"pbmit-box-content-inner\">\n\t\t\t\t<div class=\"pbmit-contant-box\">\n\t\t\t\t\t<div class=\"pbmit-serv-cat\"><\/div>\n\t\t\t\t\t<h3 class=\"pbmit-service-title\"><a href=\"https:\/\/clinicadentalcruells.cat\/es\/service\/estetica-integral\/\">Est\u00e9tica integral<\/a><\/h3>\n\t\t\t\t\t\t\t\t\t\t\t<div class=\"pbmit-service-description\">\n\t\t\t\t\t\t\tMejora la est\u00e9tica de tu sonrisa con soluciones personalizadas e innovadoras.\t\t\t\t\t\t<\/div>\n\t\t\t\t\t\t\t\t\t<\/div>\n\t\t\t\t<div class=\"pbmit-service-icon\">\n\t\t\t\t\t\n\t\t\t\t\t<i class=\"\"><\/i>\t\t\t\t\t\n\t\t\t\t<\/div>\n\t\t\t<\/div>\n\t\t<\/div>\n\t\t<a class=\"pbmit-service-btn\" href=\"https:\/\/clinicadentalcruells.cat\/es\/service\/estetica-integral\/\" title=\"Est\u00e9tica integral\"><span class=\"pbmit-button-icon-wrapper\"><span class=\"pbmit-button-icon\"><i class=\"pbmit-base-icon-black-arrow-1\"><\/i><\/span><\/span><\/a>\n\t<\/div>\n\t<a class=\"pbmit-link\" href=\"https:\/\/clinicadentalcruells.cat\/es\/service\/estetica-integral\/\"><\/a>\n<\/div><\/article><article class=\"pbmit-ele pbmit-ele-service pbmit-service-style-1 col-md-4   \">\n<div class=\"pbminfotech-post-item\">\n\t<div class=\"pbminfotech-box-content\">\n\t\t<div class=\"pbmit-box-content-wrap\">\n\t\t\t<div class=\"pbmit-box-content-inner\">\n\t\t\t\t<div class=\"pbmit-contant-box\">\n\t\t\t\t\t<div class=\"pbmit-serv-cat\"><\/div>\n\t\t\t\t\t<h3 class=\"pbmit-service-title\"><a href=\"https:\/\/clinicadentalcruells.cat\/es\/service\/implantes\/\">Implantes<\/a><\/h3>\n\t\t\t\t\t\t\t\t\t\t\t<div class=\"pbmit-service-description\">\n\t\t\t\t\t\t\tSoluciones duraderas para recuperar tu sonrisa con la m\u00e1xima confianza.\t\t\t\t\t\t<\/div>\n\t\t\t\t\t\t\t\t\t<\/div>\n\t\t\t\t<div class=\"pbmit-service-icon\">\n\t\t\t\t\t\n\t\t\t\t\t<i class=\"\"><\/i>\t\t\t\t\t\n\t\t\t\t<\/div>\n\t\t\t<\/div>\n\t\t<\/div>\n\t\t<a class=\"pbmit-service-btn\" href=\"https:\/\/clinicadentalcruells.cat\/es\/service\/implantes\/\" title=\"Implantes\"><span class=\"pbmit-button-icon-wrapper\"><span class=\"pbmit-button-icon\"><i class=\"pbmit-base-icon-black-arrow-1\"><\/i><\/span><\/span><\/a>\n\t<\/div>\n\t<a class=\"pbmit-link\" href=\"https:\/\/clinicadentalcruells.cat\/es\/service\/implantes\/\"><\/a>\n<\/div><\/article><article class=\"pbmit-ele pbmit-ele-service pbmit-service-style-1 col-md-4   \">\n<div class=\"pbminfotech-post-item\">\n\t<div class=\"pbminfotech-box-content\">\n\t\t<div class=\"pbmit-box-content-wrap\">\n\t\t\t<div class=\"pbmit-box-content-inner\">\n\t\t\t\t<div class=\"pbmit-contant-box\">\n\t\t\t\t\t<div class=\"pbmit-serv-cat\"><\/div>\n\t\t\t\t\t<h3 class=\"pbmit-service-title\"><a href=\"https:\/\/clinicadentalcruells.cat\/es\/service\/protesis-y-ortodoncia\/\">Pr\u00f3tesis y ortodoncia<\/a><\/h3>\n\t\t\t\t\t\t\t\t\t\t\t<div class=\"pbmit-service-description\">\n\t\t\t\t\t\t\tRecupera funcionalidad y belleza con tratamientos adaptados a su estilo de vida.\t\t\t\t\t\t<\/div>\n\t\t\t\t\t\t\t\t\t<\/div>\n\t\t\t\t<div class=\"pbmit-service-icon\">\n\t\t\t\t\t\n\t\t\t\t\t<i class=\"\"><\/i>\t\t\t\t\t\n\t\t\t\t<\/div>\n\t\t\t<\/div>\n\t\t<\/div>\n\t\t<a class=\"pbmit-service-btn\" href=\"https:\/\/clinicadentalcruells.cat\/es\/service\/protesis-y-ortodoncia\/\" title=\"Pr\u00f3tesis y ortodoncia\"><span class=\"pbmit-button-icon-wrapper\"><span class=\"pbmit-button-icon\"><i class=\"pbmit-base-icon-black-arrow-1\"><\/i><\/span><\/span><\/a>\n\t<\/div>\n\t<a class=\"pbmit-link\" href=\"https:\/\/clinicadentalcruells.cat\/es\/service\/protesis-y-ortodoncia\/\"><\/a>\n<\/div><\/article><article class=\"pbmit-ele pbmit-ele-service pbmit-service-style-1 col-md-4   \">\n<div class=\"pbminfotech-post-item\">\n\t<div class=\"pbminfotech-box-content\">\n\t\t<div class=\"pbmit-box-content-wrap\">\n\t\t\t<div class=\"pbmit-box-content-inner\">\n\t\t\t\t<div class=\"pbmit-contant-box\">\n\t\t\t\t\t<div class=\"pbmit-serv-cat\"><\/div>\n\t\t\t\t\t<h3 class=\"pbmit-service-title\"><a href=\"https:\/\/clinicadentalcruells.cat\/es\/service\/odontopediatria\/\">Odontopediatr\u00eda<\/a><\/h3>\n\t\t\t\t\t\t\t\t\t\t\t<div class=\"pbmit-service-description\">\n\t\t\t\t\t\t\tSonrisas sanas desde la infancia en un entorno de confianza y seguridad.\t\t\t\t\t\t<\/div>\n\t\t\t\t\t\t\t\t\t<\/div>\n\t\t\t\t<div class=\"pbmit-service-icon\">\n\t\t\t\t\t\n\t\t\t\t\t<i class=\"\"><\/i>\t\t\t\t\t\n\t\t\t\t<\/div>\n\t\t\t<\/div>\n\t\t<\/div>\n\t\t<a class=\"pbmit-service-btn\" href=\"https:\/\/clinicadentalcruells.cat\/es\/service\/odontopediatria\/\" title=\"Odontopediatr\u00eda\"><span class=\"pbmit-button-icon-wrapper\"><span class=\"pbmit-button-icon\"><i class=\"pbmit-base-icon-black-arrow-1\"><\/i><\/span><\/span><\/a>\n\t<\/div>\n\t<a class=\"pbmit-link\" href=\"https:\/\/clinicadentalcruells.cat\/es\/service\/odontopediatria\/\"><\/a>\n<\/div><\/article>\n\t\t\t\t<\/div> <!-- .pbmit-element-posts-wrapper -->\n\t\t\t \n\n\t\t\t\n\t\t\n\t\t\n\t\t\t\t\t<\/div><!-- .pbmit-element-inner -->\n\t\t<\/div><!-- .pbminfotech-element -->\n\n\t\t\n\t\t\t\t\t\t<\/div>\n\t\t\t\t<\/div>\n\t\t\t\t<div class=\"elementor-element elementor-element-a88bc63 elementor-widget elementor-widget-pbmit_heading\" data-id=\"a88bc63\" data-element_type=\"widget\" data-widget_type=\"pbmit_heading.default\">\n\t\t\t\t<div class=\"elementor-widget-container\">\n\t\t\t\t\t <div class=\"pbmit-heading-subheading pbmit-heading-subheading-style-1  animation-style4\"><h3 class=\"pbmit-element-title\">\n\t\t\t\t\n\t\t\t\t\tFinanciaci\u00f3n de servicios\n\t\t\t\t\n\t\t\t\t<\/h3>\n\t\t\t<div class=\"pbmit-heading-desc\">Por su comodidad, les ofrecemos poder financiar sus tratamientos (sujeto a un estudio previo).<\/div><\/div>\t\t\t\t<\/div>\n\t\t\t\t<\/div>\n\t\t\t\t\t<\/div>\n\t\t<\/div>\n\t\t\t\t\t<\/div>\n\t\t<\/div>\n\t\t\t\t<section class=\"elementor-section elementor-top-section elementor-element elementor-element-2d0a33b pbmit-bg-color-yes pbmit-elementor-bg-color-blackish elementor-section-content-middle elementor-section-stretched pbmit-text-color-white pbmit-col-stretched-none pbmit-bg-color-over-image elementor-section-boxed elementor-section-height-default elementor-section-height-default\" data-id=\"2d0a33b\" data-element_type=\"section\" data-settings=\"{&quot;stretch_section&quot;:&quot;section-stretched&quot;}\">\n\t\t\t\t\t\t<div class=\"elementor-container elementor-column-gap-no\">\n\t\t\t\t\t<div class=\"elementor-column elementor-col-50 elementor-top-column elementor-element elementor-element-f4f5128 pbmit-bg-color-over-image\" data-id=\"f4f5128\" data-element_type=\"column\">\n\t\t\t<div class=\"elementor-widget-wrap elementor-element-populated\">\n\t\t\t\t\t\t<div class=\"elementor-element elementor-element-2b1093e elementor-icon-list--layout-inline pbmit-footer-menu-top elementor-list-item-link-full_width elementor-widget elementor-widget-icon-list\" data-id=\"2b1093e\" data-element_type=\"widget\" data-widget_type=\"icon-list.default\">\n\t\t\t\t<div class=\"elementor-widget-container\">\n\t\t\t\t\t\t\t<ul class=\"elementor-icon-list-items elementor-inline-items\">\n\t\t\t\t\t\t\t<li class=\"elementor-icon-list-item elementor-inline-item\">\n\t\t\t\t\t\t\t\t\t\t\t<a href=\"https:\/\/clinicadentalcruells.cat\/nosaltres\/\">\n\n\t\t\t\t\t\t\t\t\t\t\t<span class=\"elementor-icon-list-text\">Qui\u00e9nes somos<\/span>\n\t\t\t\t\t\t\t\t\t\t\t<\/a>\n\t\t\t\t\t\t\t\t\t<\/li>\n\t\t\t\t\t\t\t\t<li class=\"elementor-icon-list-item elementor-inline-item\">\n\t\t\t\t\t\t\t\t\t\t\t<a href=\"https:\/\/clinicadentalcruells.cat\/equip\/\">\n\n\t\t\t\t\t\t\t\t\t\t\t<span class=\"elementor-icon-list-text\">Equipo<\/span>\n\t\t\t\t\t\t\t\t\t\t\t<\/a>\n\t\t\t\t\t\t\t\t\t<\/li>\n\t\t\t\t\t\t\t\t<li class=\"elementor-icon-list-item elementor-inline-item\">\n\t\t\t\t\t\t\t\t\t\t\t<a href=\"https:\/\/clinicadentalcruells.cat\/serveis\/\">\n\n\t\t\t\t\t\t\t\t\t\t\t<span class=\"elementor-icon-list-text\">Servicios<\/span>\n\t\t\t\t\t\t\t\t\t\t\t<\/a>\n\t\t\t\t\t\t\t\t\t<\/li>\n\t\t\t\t\t\t\t\t<li class=\"elementor-icon-list-item elementor-inline-item\">\n\t\t\t\t\t\t\t\t\t\t\t<a href=\"https:\/\/clinicadentalcruells.cat\/contacte\/\">\n\n\t\t\t\t\t\t\t\t\t\t\t<span class=\"elementor-icon-list-text\">Contacto<\/span>\n\t\t\t\t\t\t\t\t\t\t\t<\/a>\n\t\t\t\t\t\t\t\t\t<\/li>\n\t\t\t\t\t\t<\/ul>\n\t\t\t\t\t\t<\/div>\n\t\t\t\t<\/div>\n\t\t\t\t\t<\/div>\n\t\t<\/div>\n\t\t\t\t<div class=\"elementor-column elementor-col-25 elementor-top-column elementor-element elementor-element-bcf3c4c pbmit-bg-color-over-image\" data-id=\"bcf3c4c\" data-element_type=\"column\">\n\t\t\t<div class=\"elementor-widget-wrap elementor-element-populated\">\n\t\t\t\t\t\t<div class=\"elementor-element elementor-element-2b12af7 elementor-widget elementor-widget-pbmit_icon_heading\" data-id=\"2b12af7\" data-element_type=\"widget\" data-widget_type=\"pbmit_icon_heading.default\">\n\t\t\t\t<div class=\"elementor-widget-container\">\n\t\t\t\t\t<div class=\"pbmit-ihbox pbmit-ihbox-style-13\"><div class=\"pbmit-ihbox-box\">\n\t<div class=\"pbmit-ihbox-icon\"><div class=\"pbmit-ihbox-icon-wrapper pbmit-ihbox-icon-type-icon\"><div class=\"pbmit-icon-wrapper pbmit-icon-type-icon\"><i class=\"pbmit-xcare-icon pbmit-xcare-icon-phone-call\"><\/i><\/div><\/div><\/div>\t<div class=\"pbmit-ihbox-contents\">\n\t\t\t\t\t<h2 class=\"pbmit-element-title\">937 983 988<\/h2>\t\t\t\t\t<\/div>\n<\/div><\/div>\t\t\t\t<\/div>\n\t\t\t\t<\/div>\n\t\t\t\t\t<\/div>\n\t\t<\/div>\n\t\t\t\t<div class=\"elementor-column elementor-col-25 elementor-top-column elementor-element elementor-element-1b4e3d1 pbmit-bg-color-over-image\" data-id=\"1b4e3d1\" data-element_type=\"column\">\n\t\t\t<div class=\"elementor-widget-wrap elementor-element-populated\">\n\t\t\t\t\t\t<div class=\"elementor-element elementor-element-ac91b13 elementor-widget elementor-widget-pbmit_icon_heading\" data-id=\"ac91b13\" data-element_type=\"widget\" data-widget_type=\"pbmit_icon_heading.default\">\n\t\t\t\t<div class=\"elementor-widget-container\">\n\t\t\t\t\t<div class=\"pbmit-ihbox pbmit-ihbox-style-13\"><div class=\"pbmit-ihbox-box\">\n\t<div class=\"pbmit-ihbox-icon\"><div class=\"pbmit-ihbox-icon-wrapper pbmit-ihbox-icon-type-icon\"><div class=\"pbmit-icon-wrapper pbmit-icon-type-icon\"><svg class=\"e-font-icon-svg e-fab-whatsapp\" viewBox=\"0 0 448 512\" xmlns=\"http:\/\/www.w3.org\/2000\/svg\"><path d=\"M380.9 97.1C339 55.1 283.2 32 223.9 32c-122.4 0-222 99.6-222 222 0 39.1 10.2 77.3 29.6 111L0 480l117.7-30.9c32.4 17.7 68.9 27 106.1 27h.1c122.3 0 224.1-99.6 224.1-222 0-59.3-25.2-115-67.1-157zm-157 341.6c-33.2 0-65.7-8.9-94-25.7l-6.7-4-69.8 18.3L72 359.2l-4.4-7c-18.5-29.4-28.2-63.3-28.2-98.2 0-101.7 82.8-184.5 184.6-184.5 49.3 0 95.6 19.2 130.4 54.1 34.8 34.9 56.2 81.2 56.1 130.5 0 101.8-84.9 184.6-186.6 184.6zm101.2-138.2c-5.5-2.8-32.8-16.2-37.9-18-5.1-1.9-8.8-2.8-12.5 2.8-3.7 5.6-14.3 18-17.6 21.8-3.2 3.7-6.5 4.2-12 1.4-32.6-16.3-54-29.1-75.5-66-5.7-9.8 5.7-9.1 16.3-30.3 1.8-3.7.9-6.9-.5-9.7-1.4-2.8-12.5-30.1-17.1-41.2-4.5-10.8-9.1-9.3-12.5-9.5-3.2-.2-6.9-.2-10.6-.2-3.7 0-9.7 1.4-14.8 6.9-5.1 5.6-19.4 19-19.4 46.3 0 27.3 19.9 53.7 22.6 57.4 2.8 3.7 39.1 59.7 94.8 83.8 35.2 15.2 49 16.5 66.6 13.9 10.7-1.6 32.8-13.4 37.4-26.4 4.6-13 4.6-24.1 3.2-26.4-1.3-2.5-5-3.9-10.5-6.6z\"><\/path><\/svg><\/div><\/div><\/div>\t<div class=\"pbmit-ihbox-contents\">\n\t\t\t\t\t<h2 class=\"pbmit-element-title\">640 573 647<\/h2>\t\t\t\t\t<\/div>\n<\/div><\/div>\t\t\t\t<\/div>\n\t\t\t\t<\/div>\n\t\t\t\t\t<\/div>\n\t\t<\/div>\n\t\t\t\t\t<\/div>\n\t\t<\/section>\n\t\t\t\t<\/div>\n\t\t","protected":false},"excerpt":{"rendered":"<p>{\u00abcpt\u00bb:\u00bbservice\u00bb,\u00bbstyle\u00bb:\u00bb1&#8243;,\u00bbcolumns\u00bb:\u00bb3&#8243;,\u00bbshow\u00bb:\u00bb6&#8243;,\u00bborder\u00bb:\u00bbDESC\u00bb,\u00bborderby\u00bb:\u00bbnone\u00bb} Odontologia general Cuidem la teva salut bucodental amb un servei proper i de qualitat. Est\u00e8tica integral Millora l\u2019est\u00e8tica del teu somriure amb solucions personalitzades i innovadores. Implants Solucions duradores per recuperar el teu somriure amb la m\u00e0xima confian\u00e7a. Pr\u00f2tesis i ortod\u00f2ncia Recupera funcionalitat i bellesa amb tractaments adaptats al teu estil de vida. Odontopediatria [&hellip;]<\/p>\n","protected":false},"author":1,"featured_media":0,"parent":0,"menu_order":6,"comment_status":"closed","ping_status":"closed","template":"","meta":{"_acf_changed":false,"inline_featured_image":false,"_joinchat":[],"footnotes":""},"class_list":["post-907","page","type-page","status-publish","hentry"],"acf":[],"yoast_head":"<!-- This site is optimized with the Yoast SEO plugin v24.4 - https:\/\/yoast.com\/wordpress\/plugins\/seo\/ -->\n<title>Servicios - Cl\u00ednica dental Cruells<\/title>\n<meta name=\"robots\" content=\"index, follow, max-snippet:-1, max-image-preview:large, max-video-preview:-1\" \/>\n<link rel=\"canonical\" href=\"https:\/\/clinicadentalcruells.cat\/es\/servicios\/\" \/>\n<meta property=\"og:locale\" content=\"es_ES\" \/>\n<meta property=\"og:type\" content=\"article\" \/>\n<meta property=\"og:title\" content=\"Servicios - Cl\u00ednica dental Cruells\" \/>\n<meta property=\"og:description\" content=\"{\u00abcpt\u00bb:\u00bbservice\u00bb,\u00bbstyle\u00bb:\u00bb1&#8243;,\u00bbcolumns\u00bb:\u00bb3&#8243;,\u00bbshow\u00bb:\u00bb6&#8243;,\u00bborder\u00bb:\u00bbDESC\u00bb,\u00bborderby\u00bb:\u00bbnone\u00bb} Odontologia general Cuidem la teva salut bucodental amb un servei proper i de qualitat. Est\u00e8tica integral Millora l\u2019est\u00e8tica del teu somriure amb solucions personalitzades i innovadores. Implants Solucions duradores per recuperar el teu somriure amb la m\u00e0xima confian\u00e7a. Pr\u00f2tesis i ortod\u00f2ncia Recupera funcionalitat i bellesa amb tractaments adaptats al teu estil de vida. Odontopediatria [&hellip;]\" \/>\n<meta property=\"og:url\" content=\"https:\/\/clinicadentalcruells.cat\/es\/servicios\/\" \/>\n<meta property=\"og:site_name\" content=\"Cl\u00ednica dental Cruells\" \/>\n<meta property=\"article:modified_time\" content=\"2025-02-04T12:57:42+00:00\" \/>\n<meta name=\"twitter:card\" content=\"summary_large_image\" \/>\n<meta name=\"twitter:label1\" content=\"Tiempo de lectura\" \/>\n\t<meta name=\"twitter:data1\" content=\"1 minuto\" \/>\n<script type=\"application\/ld+json\" class=\"yoast-schema-graph\">{\"@context\":\"https:\/\/schema.org\",\"@graph\":[{\"@type\":\"WebPage\",\"@id\":\"https:\/\/clinicadentalcruells.cat\/es\/servicios\/\",\"url\":\"https:\/\/clinicadentalcruells.cat\/es\/servicios\/\",\"name\":\"Servicios - Cl\u00ednica dental Cruells\",\"isPartOf\":{\"@id\":\"https:\/\/clinicadentalcruells.cat\/es\/#website\"},\"datePublished\":\"2025-01-16T11:09:13+00:00\",\"dateModified\":\"2025-02-04T12:57:42+00:00\",\"breadcrumb\":{\"@id\":\"https:\/\/clinicadentalcruells.cat\/es\/servicios\/#breadcrumb\"},\"inLanguage\":\"es\",\"potentialAction\":[{\"@type\":\"ReadAction\",\"target\":[\"https:\/\/clinicadentalcruells.cat\/es\/servicios\/\"]}]},{\"@type\":\"BreadcrumbList\",\"@id\":\"https:\/\/clinicadentalcruells.cat\/es\/servicios\/#breadcrumb\",\"itemListElement\":[{\"@type\":\"ListItem\",\"position\":1,\"name\":\"Portada\",\"item\":\"https:\/\/clinicadentalcruells.cat\/es\/\"},{\"@type\":\"ListItem\",\"position\":2,\"name\":\"Servicios\"}]},{\"@type\":\"WebSite\",\"@id\":\"https:\/\/clinicadentalcruells.cat\/es\/#website\",\"url\":\"https:\/\/clinicadentalcruells.cat\/es\/\",\"name\":\"Cl\u00ednica dental Cruells\",\"description\":\"\",\"publisher\":{\"@id\":\"https:\/\/clinicadentalcruells.cat\/es\/#organization\"},\"potentialAction\":[{\"@type\":\"SearchAction\",\"target\":{\"@type\":\"EntryPoint\",\"urlTemplate\":\"https:\/\/clinicadentalcruells.cat\/es\/?s={search_term_string}\"},\"query-input\":{\"@type\":\"PropertyValueSpecification\",\"valueRequired\":true,\"valueName\":\"search_term_string\"}}],\"inLanguage\":\"es\"},{\"@type\":\"Organization\",\"@id\":\"https:\/\/clinicadentalcruells.cat\/es\/#organization\",\"name\":\"Cl\u00ednica dental Cruells\",\"url\":\"https:\/\/clinicadentalcruells.cat\/es\/\",\"logo\":{\"@type\":\"ImageObject\",\"inLanguage\":\"es\",\"@id\":\"https:\/\/clinicadentalcruells.cat\/es\/#\/schema\/logo\/image\/\",\"url\":\"https:\/\/clinicadentalcruells.cat\/wp-content\/uploads\/2025\/01\/Marca-Cruells-sola-2.png\",\"contentUrl\":\"https:\/\/clinicadentalcruells.cat\/wp-content\/uploads\/2025\/01\/Marca-Cruells-sola-2.png\",\"width\":1608,\"height\":1158,\"caption\":\"Cl\u00ednica dental Cruells\"},\"image\":{\"@id\":\"https:\/\/clinicadentalcruells.cat\/es\/#\/schema\/logo\/image\/\"}}]}<\/script>\n<!-- \/ Yoast SEO plugin. -->","yoast_head_json":{"title":"Servicios - Cl\u00ednica dental Cruells","robots":{"index":"index","follow":"follow","max-snippet":"max-snippet:-1","max-image-preview":"max-image-preview:large","max-video-preview":"max-video-preview:-1"},"canonical":"https:\/\/clinicadentalcruells.cat\/es\/servicios\/","og_locale":"es_ES","og_type":"article","og_title":"Servicios - Cl\u00ednica dental Cruells","og_description":"{\u00abcpt\u00bb:\u00bbservice\u00bb,\u00bbstyle\u00bb:\u00bb1&#8243;,\u00bbcolumns\u00bb:\u00bb3&#8243;,\u00bbshow\u00bb:\u00bb6&#8243;,\u00bborder\u00bb:\u00bbDESC\u00bb,\u00bborderby\u00bb:\u00bbnone\u00bb} Odontologia general Cuidem la teva salut bucodental amb un servei proper i de qualitat. Est\u00e8tica integral Millora l\u2019est\u00e8tica del teu somriure amb solucions personalitzades i innovadores. Implants Solucions duradores per recuperar el teu somriure amb la m\u00e0xima confian\u00e7a. Pr\u00f2tesis i ortod\u00f2ncia Recupera funcionalitat i bellesa amb tractaments adaptats al teu estil de vida. Odontopediatria [&hellip;]","og_url":"https:\/\/clinicadentalcruells.cat\/es\/servicios\/","og_site_name":"Cl\u00ednica dental Cruells","article_modified_time":"2025-02-04T12:57:42+00:00","twitter_card":"summary_large_image","twitter_misc":{"Tiempo de lectura":"1 minuto"},"schema":{"@context":"https:\/\/schema.org","@graph":[{"@type":"WebPage","@id":"https:\/\/clinicadentalcruells.cat\/es\/servicios\/","url":"https:\/\/clinicadentalcruells.cat\/es\/servicios\/","name":"Servicios - Cl\u00ednica dental Cruells","isPartOf":{"@id":"https:\/\/clinicadentalcruells.cat\/es\/#website"},"datePublished":"2025-01-16T11:09:13+00:00","dateModified":"2025-02-04T12:57:42+00:00","breadcrumb":{"@id":"https:\/\/clinicadentalcruells.cat\/es\/servicios\/#breadcrumb"},"inLanguage":"es","potentialAction":[{"@type":"ReadAction","target":["https:\/\/clinicadentalcruells.cat\/es\/servicios\/"]}]},{"@type":"BreadcrumbList","@id":"https:\/\/clinicadentalcruells.cat\/es\/servicios\/#breadcrumb","itemListElement":[{"@type":"ListItem","position":1,"name":"Portada","item":"https:\/\/clinicadentalcruells.cat\/es\/"},{"@type":"ListItem","position":2,"name":"Servicios"}]},{"@type":"WebSite","@id":"https:\/\/clinicadentalcruells.cat\/es\/#website","url":"https:\/\/clinicadentalcruells.cat\/es\/","name":"Cl\u00ednica dental Cruells","description":"","publisher":{"@id":"https:\/\/clinicadentalcruells.cat\/es\/#organization"},"potentialAction":[{"@type":"SearchAction","target":{"@type":"EntryPoint","urlTemplate":"https:\/\/clinicadentalcruells.cat\/es\/?s={search_term_string}"},"query-input":{"@type":"PropertyValueSpecification","valueRequired":true,"valueName":"search_term_string"}}],"inLanguage":"es"},{"@type":"Organization","@id":"https:\/\/clinicadentalcruells.cat\/es\/#organization","name":"Cl\u00ednica dental Cruells","url":"https:\/\/clinicadentalcruells.cat\/es\/","logo":{"@type":"ImageObject","inLanguage":"es","@id":"https:\/\/clinicadentalcruells.cat\/es\/#\/schema\/logo\/image\/","url":"https:\/\/clinicadentalcruells.cat\/wp-content\/uploads\/2025\/01\/Marca-Cruells-sola-2.png","contentUrl":"https:\/\/clinicadentalcruells.cat\/wp-content\/uploads\/2025\/01\/Marca-Cruells-sola-2.png","width":1608,"height":1158,"caption":"Cl\u00ednica dental Cruells"},"image":{"@id":"https:\/\/clinicadentalcruells.cat\/es\/#\/schema\/logo\/image\/"}}]}},"_links":{"self":[{"href":"https:\/\/clinicadentalcruells.cat\/es\/wp-json\/wp\/v2\/pages\/907","targetHints":{"allow":["GET"]}}],"collection":[{"href":"https:\/\/clinicadentalcruells.cat\/es\/wp-json\/wp\/v2\/pages"}],"about":[{"href":"https:\/\/clinicadentalcruells.cat\/es\/wp-json\/wp\/v2\/types\/page"}],"author":[{"embeddable":true,"href":"https:\/\/clinicadentalcruells.cat\/es\/wp-json\/wp\/v2\/users\/1"}],"replies":[{"embeddable":true,"href":"https:\/\/clinicadentalcruells.cat\/es\/wp-json\/wp\/v2\/comments?post=907"}],"version-history":[{"count":2,"href":"https:\/\/clinicadentalcruells.cat\/es\/wp-json\/wp\/v2\/pages\/907\/revisions"}],"predecessor-version":[{"id":957,"href":"https:\/\/clinicadentalcruells.cat\/es\/wp-json\/wp\/v2\/pages\/907\/revisions\/957"}],"wp:attachment":[{"href":"https:\/\/clinicadentalcruells.cat\/es\/wp-json\/wp\/v2\/media?parent=907"}],"curies":[{"name":"wp","href":"https:\/\/api.w.org\/{rel}","templated":true}]}}