{"id":909,"date":"2023-09-26T11:44:36","date_gmt":"2023-09-26T09:44:36","guid":{"rendered":"https:\/\/clinicadentalcruells.cat\/equipo\/"},"modified":"2025-02-04T13:48:19","modified_gmt":"2025-02-04T12:48:19","slug":"equipo","status":"publish","type":"page","link":"https:\/\/clinicadentalcruells.cat\/es\/equipo\/","title":{"rendered":"Equipo"},"content":{"rendered":"\t\t<div data-elementor-type=\"wp-page\" data-elementor-id=\"909\" class=\"elementor elementor-909 elementor-79\">\n\t\t\t\t\t\t<div class=\"elementor-section elementor-top-section elementor-element elementor-element-e8932bf pbmit-col-stretched-none pbmit-bg-color-over-image elementor-section-boxed elementor-section-height-default elementor-section-height-default\" data-id=\"e8932bf\" data-element_type=\"section\">\n\t\t\t\t\t\t<div class=\"elementor-container elementor-column-gap-no\">\n\t\t\t\t\t<div class=\"elementor-column elementor-col-100 elementor-top-column elementor-element elementor-element-8518514 pbmit-bg-color-over-image\" data-id=\"8518514\" data-element_type=\"column\">\n\t\t\t<div class=\"elementor-widget-wrap elementor-element-populated\">\n\t\t\t\t\t\t<div class=\"elementor-element elementor-element-5a5e3ce elementor-widget elementor-widget-pbmit_team_element\" data-id=\"5a5e3ce\" data-element_type=\"widget\" data-widget_type=\"pbmit_team_element.default\">\n\t\t\t\t<div class=\"elementor-widget-container\">\n\t\t\t\t\t\n\t\t<div class=\"pbminfotech-element\n\t\t\tpbminfotech-element-team\t\t\tpbmit-element-team-style-1\t\t\tpbmit-element-viewtype-row-column\t\t\tpbmit-element-column-three\t\t\tpbmit-element-sticky-carousel-false\t\t\tpbmit-element-caroursel-dot-false\t\t\tpbmit-infinite-scroll-no\t\t\tpbmit-infinite-scroll-button-no\t\t\tpbminfotech-gap-20px\t\t\t\t\t\t\t\t\t\"\n\n\t\t\tdata-cpt=\"team\"\n\t\t\tdata-totalpagination=\"1\"\n\t\t\tdata-style=\"1\"\n\t\t\tdata-show=\"8\"\n\t\t\tdata-columns=\"3\"\n\t\t\tdata-loop=\"false\"\n\t\t\tdata-autoplay=\"false\"\n\t\t\tdata-center=\"false\"\n\t\t\tdata-nav=\"false\"\n\t\t\tdata-dots=\"false\"\n\t\t\tdata-reverse=\"false\"\n\t\t\tdata-speed=\"1000\"\n\t\t\tdata-delay=\"4000\"\n\t\t\tdata-margin=\"20px\"\n\t\t\tdata-show-portion=\"false\">\n\n\t\t\t<div class=\"pbmit-element-inner\">\n\t\t\n\n\t\t\n\t\t<div class=\"pbmit-ele-header-area\">\n\t\t\t <div class=\"pbmit-heading-subheading pbmit-heading-subheading-style-1  animation-style4\"><\/div>\t\t\t\t\t<\/div>\n\n\t\t<div class=\"pbmit-infinite-scroll-data\">{\"cpt\":\"team\",\"style\":\"1\",\"columns\":\"3\",\"show\":8,\"order\":\"DESC\",\"orderby\":\"none\"}<\/div>\n\t\t\t<div class=\"pbmit-element-posts-wrapper row multi-columns-row \">\n\t\t\t\t<article class=\"pbmit-ele pbmit-ele-team pbmit-team-style-1 col-md-4 odontologia-conservadora-es pbmit-term-74 odontopediatria-es pbmit-term-76 periodoncia-es pbmit-term-75 protesico-dental pbmit-term-72 pbmit-odd pbmit-col-odd\"><div class=\"pbminfotech-post-item\">\n\t<div class=\"pbmit-featured-wrap\">\n\t\t<div class=\"pbmit-featured-img-wrapper\"><div class=\"pbmit-featured-wrapper\"><a href=\"https:\/\/clinicadentalcruells.cat\/es\/team-member\/dra-sara-romero\/\"><img fetchpriority=\"high\" decoding=\"async\" width=\"640\" height=\"730\" src=\"https:\/\/clinicadentalcruells.cat\/wp-content\/uploads\/2023\/08\/sara_petit.jpg\" class=\"attachment-pbmit-img-650x830 size-pbmit-img-650x830 wp-post-image\" alt=\"\" srcset=\"https:\/\/clinicadentalcruells.cat\/wp-content\/uploads\/2023\/08\/sara_petit.jpg 640w, https:\/\/clinicadentalcruells.cat\/wp-content\/uploads\/2023\/08\/sara_petit-263x300.jpg 263w\" sizes=\"(max-width: 640px) 100vw, 640px\" \/><\/a><\/div><\/div>\t\t<div class=\"pbmit-team-btn\"><a class=\"pbmit-team-text\" href=\"#\"><i class=\"pbmit-base-icon-share-1\"><\/i><\/a>\n\t\t\t<div class=\"pbminfotech-box-social-links\">\n\t\t\t\t\t\t\t<\/div>\n\t\t<\/div>\n\t<\/div>\n\t<div class=\"pbminfotech-box-content\">\n\t\t<div class=\"pbminfotech-box-content-inner\">\n\t\t\t\t\t<div class=\"pbminfotech-box-team-position\">Odontolog\u00eda conservadora, periodoncia, pr\u00f3tesis dental, odontopediatr\u00eda<\/div>\n\t\t\t\t\t<h3 class=\"pbmit-team-title\"><a href=\"https:\/\/clinicadentalcruells.cat\/es\/team-member\/dra-sara-romero\/\">Dra. Sara Romero<\/a><\/h3>\n\t\t<\/div>\n\t<\/div>\n<\/div><\/article><article class=\"pbmit-ele pbmit-ele-team pbmit-team-style-1 col-md-4 estetica-dental-es pbmit-term-70 implantologia-es pbmit-term-73 protesico-dental pbmit-term-72 pbmit-even pbmit-col-odd\"><div class=\"pbminfotech-post-item\">\n\t<div class=\"pbmit-featured-wrap\">\n\t\t<div class=\"pbmit-featured-img-wrapper\"><div class=\"pbmit-featured-wrapper\"><a href=\"https:\/\/clinicadentalcruells.cat\/es\/team-member\/dr-esteban-padulles\/\"><img decoding=\"async\" width=\"640\" height=\"730\" src=\"https:\/\/clinicadentalcruells.cat\/wp-content\/uploads\/2023\/08\/esteban_petit.jpg\" class=\"attachment-pbmit-img-650x830 size-pbmit-img-650x830 wp-post-image\" alt=\"\" srcset=\"https:\/\/clinicadentalcruells.cat\/wp-content\/uploads\/2023\/08\/esteban_petit.jpg 640w, https:\/\/clinicadentalcruells.cat\/wp-content\/uploads\/2023\/08\/esteban_petit-263x300.jpg 263w\" sizes=\"(max-width: 640px) 100vw, 640px\" \/><\/a><\/div><\/div>\t\t<div class=\"pbmit-team-btn\"><a class=\"pbmit-team-text\" href=\"#\"><i class=\"pbmit-base-icon-share-1\"><\/i><\/a>\n\t\t\t<div class=\"pbminfotech-box-social-links\">\n\t\t\t\t\t\t\t<\/div>\n\t\t<\/div>\n\t<\/div>\n\t<div class=\"pbminfotech-box-content\">\n\t\t<div class=\"pbminfotech-box-content-inner\">\n\t\t\t\t\t<div class=\"pbminfotech-box-team-position\">Est\u00e9tica, Pr\u00f3tesis dental, Implantolog\u00eda<\/div>\n\t\t\t\t\t<h3 class=\"pbmit-team-title\"><a href=\"https:\/\/clinicadentalcruells.cat\/es\/team-member\/dr-esteban-padulles\/\">Dr. Esteban Padull\u00e9s<\/a><\/h3>\n\t\t<\/div>\n\t<\/div>\n<\/div><\/article><article class=\"pbmit-ele pbmit-ele-team pbmit-team-style-1 col-md-4 estetica-dental-es pbmit-term-70 implantologia-es pbmit-term-73 protesico-dental pbmit-term-72 pbmit-odd pbmit-col-odd\"><div class=\"pbminfotech-post-item\">\n\t<div class=\"pbmit-featured-wrap\">\n\t\t<div class=\"pbmit-featured-img-wrapper\"><div class=\"pbmit-featured-wrapper\"><a href=\"https:\/\/clinicadentalcruells.cat\/es\/team-member\/dr-alvaro-c-reuter\/\"><img decoding=\"async\" width=\"640\" height=\"730\" src=\"https:\/\/clinicadentalcruells.cat\/wp-content\/uploads\/2023\/08\/alvaro_petit2-1.jpg\" class=\"attachment-pbmit-img-650x830 size-pbmit-img-650x830 wp-post-image\" alt=\"\" srcset=\"https:\/\/clinicadentalcruells.cat\/wp-content\/uploads\/2023\/08\/alvaro_petit2-1.jpg 640w, https:\/\/clinicadentalcruells.cat\/wp-content\/uploads\/2023\/08\/alvaro_petit2-1-263x300.jpg 263w\" sizes=\"(max-width: 640px) 100vw, 640px\" \/><\/a><\/div><\/div>\t\t<div class=\"pbmit-team-btn\"><a class=\"pbmit-team-text\" href=\"#\"><i class=\"pbmit-base-icon-share-1\"><\/i><\/a>\n\t\t\t<div class=\"pbminfotech-box-social-links\">\n\t\t\t\t\t\t\t<\/div>\n\t\t<\/div>\n\t<\/div>\n\t<div class=\"pbminfotech-box-content\">\n\t\t<div class=\"pbminfotech-box-content-inner\">\n\t\t\t\t\t<div class=\"pbminfotech-box-team-position\">Implantolog\u00eda, pr\u00f3tesis dental, est\u00e9tica dental<\/div>\n\t\t\t\t\t<h3 class=\"pbmit-team-title\"><a href=\"https:\/\/clinicadentalcruells.cat\/es\/team-member\/dr-alvaro-c-reuter\/\">Dr. \u00c1lvaro C. Reuter<\/a><\/h3>\n\t\t<\/div>\n\t<\/div>\n<\/div><\/article><article class=\"pbmit-ele pbmit-ele-team pbmit-team-style-1 col-md-4 higienista-dental-es pbmit-term-71 protesico-dental pbmit-term-72 pbmit-even pbmit-col-even\"><div class=\"pbminfotech-post-item\">\n\t<div class=\"pbmit-featured-wrap\">\n\t\t<div class=\"pbmit-featured-img-wrapper\"><div class=\"pbmit-featured-wrapper\"><a href=\"https:\/\/clinicadentalcruells.cat\/es\/team-member\/marc-cruells\/\"><img loading=\"lazy\" decoding=\"async\" width=\"640\" height=\"730\" src=\"https:\/\/clinicadentalcruells.cat\/wp-content\/uploads\/2023\/08\/cruells_petit.jpg\" class=\"attachment-pbmit-img-650x830 size-pbmit-img-650x830 wp-post-image\" alt=\"\" srcset=\"https:\/\/clinicadentalcruells.cat\/wp-content\/uploads\/2023\/08\/cruells_petit.jpg 640w, https:\/\/clinicadentalcruells.cat\/wp-content\/uploads\/2023\/08\/cruells_petit-263x300.jpg 263w\" sizes=\"(max-width: 640px) 100vw, 640px\" \/><\/a><\/div><\/div>\t\t<div class=\"pbmit-team-btn\"><a class=\"pbmit-team-text\" href=\"#\"><i class=\"pbmit-base-icon-share-1\"><\/i><\/a>\n\t\t\t<div class=\"pbminfotech-box-social-links\">\n\t\t\t\t\t\t\t<\/div>\n\t\t<\/div>\n\t<\/div>\n\t<div class=\"pbminfotech-box-content\">\n\t\t<div class=\"pbminfotech-box-content-inner\">\n\t\t\t\t\t<div class=\"pbminfotech-box-team-position\">Higienista Dental , Prot\u00e9sico dental<\/div>\n\t\t\t\t\t<h3 class=\"pbmit-team-title\"><a href=\"https:\/\/clinicadentalcruells.cat\/es\/team-member\/marc-cruells\/\">Marc Cruells<\/a><\/h3>\n\t\t<\/div>\n\t<\/div>\n<\/div><\/article><article class=\"pbmit-ele pbmit-ele-team pbmit-team-style-1 col-md-4 higienista-dental-es pbmit-term-71 pbmit-odd pbmit-col-even\"><div class=\"pbminfotech-post-item\">\n\t<div class=\"pbmit-featured-wrap\">\n\t\t<div class=\"pbmit-featured-img-wrapper\"><div class=\"pbmit-featured-wrapper\"><a href=\"https:\/\/clinicadentalcruells.cat\/es\/team-member\/pol-cruells\/\"><img loading=\"lazy\" decoding=\"async\" width=\"640\" height=\"730\" src=\"https:\/\/clinicadentalcruells.cat\/wp-content\/uploads\/2023\/08\/pol_petit.jpg\" class=\"attachment-pbmit-img-650x830 size-pbmit-img-650x830 wp-post-image\" alt=\"\" srcset=\"https:\/\/clinicadentalcruells.cat\/wp-content\/uploads\/2023\/08\/pol_petit.jpg 640w, https:\/\/clinicadentalcruells.cat\/wp-content\/uploads\/2023\/08\/pol_petit-263x300.jpg 263w\" sizes=\"(max-width: 640px) 100vw, 640px\" \/><\/a><\/div><\/div>\t\t<div class=\"pbmit-team-btn\"><a class=\"pbmit-team-text\" href=\"#\"><i class=\"pbmit-base-icon-share-1\"><\/i><\/a>\n\t\t\t<div class=\"pbminfotech-box-social-links\">\n\t\t\t\t\t\t\t<\/div>\n\t\t<\/div>\n\t<\/div>\n\t<div class=\"pbminfotech-box-content\">\n\t\t<div class=\"pbminfotech-box-content-inner\">\n\t\t\t\t\t<div class=\"pbminfotech-box-team-position\">Higienista Dental<\/div>\n\t\t\t\t\t<h3 class=\"pbmit-team-title\"><a href=\"https:\/\/clinicadentalcruells.cat\/es\/team-member\/pol-cruells\/\">Pol Cruells<\/a><\/h3>\n\t\t<\/div>\n\t<\/div>\n<\/div><\/article>\t\t\t<\/div>\n\t\t\t\n\t\t\n\t\t\n\t\t\t\t\t<\/div><!-- .pbmit-element-inner -->\n\t\t<\/div><!-- .pbminfotech-element -->\n\n\t\t\t\t\t\t\t\t<\/div>\n\t\t\t\t<\/div>\n\t\t\t\t\t<\/div>\n\t\t<\/div>\n\t\t\t\t\t<\/div>\n\t\t<\/div>\n\t\t\t\t<section class=\"elementor-section elementor-top-section elementor-element elementor-element-79a19e3 pbmit-bg-color-yes pbmit-elementor-bg-color-blackish elementor-section-content-middle elementor-section-stretched pbmit-text-color-white pbmit-col-stretched-none pbmit-bg-color-over-image elementor-section-boxed elementor-section-height-default elementor-section-height-default\" data-id=\"79a19e3\" data-element_type=\"section\" data-settings=\"{&quot;stretch_section&quot;:&quot;section-stretched&quot;}\">\n\t\t\t\t\t\t<div class=\"elementor-container elementor-column-gap-no\">\n\t\t\t\t\t<div class=\"elementor-column elementor-col-50 elementor-top-column elementor-element elementor-element-ed11a38 pbmit-bg-color-over-image\" data-id=\"ed11a38\" data-element_type=\"column\">\n\t\t\t<div class=\"elementor-widget-wrap elementor-element-populated\">\n\t\t\t\t\t\t<div class=\"elementor-element elementor-element-726ad7c elementor-icon-list--layout-inline pbmit-footer-menu-top elementor-list-item-link-full_width elementor-widget elementor-widget-icon-list\" data-id=\"726ad7c\" data-element_type=\"widget\" data-widget_type=\"icon-list.default\">\n\t\t\t\t<div class=\"elementor-widget-container\">\n\t\t\t\t\t\t\t<ul class=\"elementor-icon-list-items elementor-inline-items\">\n\t\t\t\t\t\t\t<li class=\"elementor-icon-list-item elementor-inline-item\">\n\t\t\t\t\t\t\t\t\t\t\t<a href=\"https:\/\/clinicadentalcruells.cat\/nosaltres\/\">\n\n\t\t\t\t\t\t\t\t\t\t\t<span class=\"elementor-icon-list-text\">Qui\u00e9nes somos<\/span>\n\t\t\t\t\t\t\t\t\t\t\t<\/a>\n\t\t\t\t\t\t\t\t\t<\/li>\n\t\t\t\t\t\t\t\t<li class=\"elementor-icon-list-item elementor-inline-item\">\n\t\t\t\t\t\t\t\t\t\t\t<a href=\"https:\/\/clinicadentalcruells.cat\/equip\/\">\n\n\t\t\t\t\t\t\t\t\t\t\t<span class=\"elementor-icon-list-text\">Equipo<\/span>\n\t\t\t\t\t\t\t\t\t\t\t<\/a>\n\t\t\t\t\t\t\t\t\t<\/li>\n\t\t\t\t\t\t\t\t<li class=\"elementor-icon-list-item elementor-inline-item\">\n\t\t\t\t\t\t\t\t\t\t\t<a href=\"https:\/\/clinicadentalcruells.cat\/es\/servicios\/\">\n\n\t\t\t\t\t\t\t\t\t\t\t<span class=\"elementor-icon-list-text\">Servicios<\/span>\n\t\t\t\t\t\t\t\t\t\t\t<\/a>\n\t\t\t\t\t\t\t\t\t<\/li>\n\t\t\t\t\t\t\t\t<li class=\"elementor-icon-list-item elementor-inline-item\">\n\t\t\t\t\t\t\t\t\t\t\t<a href=\"https:\/\/clinicadentalcruells.cat\/contacte\/\">\n\n\t\t\t\t\t\t\t\t\t\t\t<span class=\"elementor-icon-list-text\">Contacto<\/span>\n\t\t\t\t\t\t\t\t\t\t\t<\/a>\n\t\t\t\t\t\t\t\t\t<\/li>\n\t\t\t\t\t\t<\/ul>\n\t\t\t\t\t\t<\/div>\n\t\t\t\t<\/div>\n\t\t\t\t\t<\/div>\n\t\t<\/div>\n\t\t\t\t<div class=\"elementor-column elementor-col-25 elementor-top-column elementor-element elementor-element-f4386ed pbmit-bg-color-over-image\" data-id=\"f4386ed\" data-element_type=\"column\">\n\t\t\t<div class=\"elementor-widget-wrap elementor-element-populated\">\n\t\t\t\t\t\t<div class=\"elementor-element elementor-element-12f1012 elementor-widget elementor-widget-pbmit_icon_heading\" data-id=\"12f1012\" data-element_type=\"widget\" data-widget_type=\"pbmit_icon_heading.default\">\n\t\t\t\t<div class=\"elementor-widget-container\">\n\t\t\t\t\t<div class=\"pbmit-ihbox pbmit-ihbox-style-13\"><div class=\"pbmit-ihbox-box\">\n\t<div class=\"pbmit-ihbox-icon\"><div class=\"pbmit-ihbox-icon-wrapper pbmit-ihbox-icon-type-icon\"><div class=\"pbmit-icon-wrapper pbmit-icon-type-icon\"><i class=\"pbmit-xcare-icon pbmit-xcare-icon-phone-call\"><\/i><\/div><\/div><\/div>\t<div class=\"pbmit-ihbox-contents\">\n\t\t\t\t\t<h2 class=\"pbmit-element-title\">937 983 988<\/h2>\t\t\t\t\t<\/div>\n<\/div><\/div>\t\t\t\t<\/div>\n\t\t\t\t<\/div>\n\t\t\t\t\t<\/div>\n\t\t<\/div>\n\t\t\t\t<div class=\"elementor-column elementor-col-25 elementor-top-column elementor-element elementor-element-4e18355 pbmit-bg-color-over-image\" data-id=\"4e18355\" data-element_type=\"column\">\n\t\t\t<div class=\"elementor-widget-wrap elementor-element-populated\">\n\t\t\t\t\t\t<div class=\"elementor-element elementor-element-8ffb89a elementor-widget elementor-widget-pbmit_icon_heading\" data-id=\"8ffb89a\" data-element_type=\"widget\" data-widget_type=\"pbmit_icon_heading.default\">\n\t\t\t\t<div class=\"elementor-widget-container\">\n\t\t\t\t\t<div class=\"pbmit-ihbox pbmit-ihbox-style-13\"><div class=\"pbmit-ihbox-box\">\n\t<div class=\"pbmit-ihbox-icon\"><div class=\"pbmit-ihbox-icon-wrapper pbmit-ihbox-icon-type-icon\"><div class=\"pbmit-icon-wrapper pbmit-icon-type-icon\"><svg class=\"e-font-icon-svg e-fab-whatsapp\" viewBox=\"0 0 448 512\" xmlns=\"http:\/\/www.w3.org\/2000\/svg\"><path d=\"M380.9 97.1C339 55.1 283.2 32 223.9 32c-122.4 0-222 99.6-222 222 0 39.1 10.2 77.3 29.6 111L0 480l117.7-30.9c32.4 17.7 68.9 27 106.1 27h.1c122.3 0 224.1-99.6 224.1-222 0-59.3-25.2-115-67.1-157zm-157 341.6c-33.2 0-65.7-8.9-94-25.7l-6.7-4-69.8 18.3L72 359.2l-4.4-7c-18.5-29.4-28.2-63.3-28.2-98.2 0-101.7 82.8-184.5 184.6-184.5 49.3 0 95.6 19.2 130.4 54.1 34.8 34.9 56.2 81.2 56.1 130.5 0 101.8-84.9 184.6-186.6 184.6zm101.2-138.2c-5.5-2.8-32.8-16.2-37.9-18-5.1-1.9-8.8-2.8-12.5 2.8-3.7 5.6-14.3 18-17.6 21.8-3.2 3.7-6.5 4.2-12 1.4-32.6-16.3-54-29.1-75.5-66-5.7-9.8 5.7-9.1 16.3-30.3 1.8-3.7.9-6.9-.5-9.7-1.4-2.8-12.5-30.1-17.1-41.2-4.5-10.8-9.1-9.3-12.5-9.5-3.2-.2-6.9-.2-10.6-.2-3.7 0-9.7 1.4-14.8 6.9-5.1 5.6-19.4 19-19.4 46.3 0 27.3 19.9 53.7 22.6 57.4 2.8 3.7 39.1 59.7 94.8 83.8 35.2 15.2 49 16.5 66.6 13.9 10.7-1.6 32.8-13.4 37.4-26.4 4.6-13 4.6-24.1 3.2-26.4-1.3-2.5-5-3.9-10.5-6.6z\"><\/path><\/svg><\/div><\/div><\/div>\t<div class=\"pbmit-ihbox-contents\">\n\t\t\t\t\t<h2 class=\"pbmit-element-title\">640 573 647<\/h2>\t\t\t\t\t<\/div>\n<\/div><\/div>\t\t\t\t<\/div>\n\t\t\t\t<\/div>\n\t\t\t\t\t<\/div>\n\t\t<\/div>\n\t\t\t\t\t<\/div>\n\t\t<\/section>\n\t\t\t\t<\/div>\n\t\t","protected":false},"excerpt":{"rendered":"<p>{\u00abcpt\u00bb:\u00bbteam\u00bb,\u00bbstyle\u00bb:\u00bb1&#8243;,\u00bbcolumns\u00bb:\u00bb3&#8243;,\u00bbshow\u00bb:8,\u00bborder\u00bb:\u00bbDESC\u00bb,\u00bborderby\u00bb:\u00bbnone\u00bb} Odontologia conservadora, period\u00f2ncia, pr\u00f2tesi dental, odontopediatria Dra. Sara Romero Est\u00e8tica, Pr\u00f2tesi dental, Implantolog\u00eda Dr. Esteban Padull\u00e9s Implantologia, pr\u00f2tesi dental, est\u00e8tica dental Dr. \u00c1lvaro C. Reuter Higienista Dental , Prot\u00e8sic dental Marc Cruells Higienista Dental Pol Cruells Qui\u00e9nes somos Equipo Servicios Contacto 937 983 988 640 573 647<\/p>\n","protected":false},"author":1,"featured_media":0,"parent":0,"menu_order":6,"comment_status":"closed","ping_status":"closed","template":"","meta":{"_acf_changed":false,"inline_featured_image":false,"_joinchat":[],"footnotes":""},"class_list":["post-909","page","type-page","status-publish","hentry"],"acf":[],"yoast_head":"<!-- This site is optimized with the Yoast SEO plugin v24.4 - https:\/\/yoast.com\/wordpress\/plugins\/seo\/ -->\n<title>Equipo - Cl\u00ednica dental Cruells<\/title>\n<meta name=\"robots\" content=\"index, follow, max-snippet:-1, max-image-preview:large, max-video-preview:-1\" \/>\n<link rel=\"canonical\" href=\"https:\/\/clinicadentalcruells.cat\/es\/equipo\/\" \/>\n<meta property=\"og:locale\" content=\"es_ES\" \/>\n<meta property=\"og:type\" content=\"article\" \/>\n<meta property=\"og:title\" content=\"Equipo - Cl\u00ednica dental Cruells\" \/>\n<meta property=\"og:description\" content=\"{\u00abcpt\u00bb:\u00bbteam\u00bb,\u00bbstyle\u00bb:\u00bb1&#8243;,\u00bbcolumns\u00bb:\u00bb3&#8243;,\u00bbshow\u00bb:8,\u00bborder\u00bb:\u00bbDESC\u00bb,\u00bborderby\u00bb:\u00bbnone\u00bb} Odontologia conservadora, period\u00f2ncia, pr\u00f2tesi dental, odontopediatria Dra. Sara Romero Est\u00e8tica, Pr\u00f2tesi dental, Implantolog\u00eda Dr. Esteban Padull\u00e9s Implantologia, pr\u00f2tesi dental, est\u00e8tica dental Dr. \u00c1lvaro C. Reuter Higienista Dental , Prot\u00e8sic dental Marc Cruells Higienista Dental Pol Cruells Qui\u00e9nes somos Equipo Servicios Contacto 937 983 988 640 573 647\" \/>\n<meta property=\"og:url\" content=\"https:\/\/clinicadentalcruells.cat\/es\/equipo\/\" \/>\n<meta property=\"og:site_name\" content=\"Cl\u00ednica dental Cruells\" \/>\n<meta property=\"article:modified_time\" content=\"2025-02-04T12:48:19+00:00\" \/>\n<meta property=\"og:image\" content=\"https:\/\/clinicadentalcruells.cat\/wp-content\/uploads\/2023\/08\/sara_petit.jpg\" \/>\n<meta name=\"twitter:card\" content=\"summary_large_image\" \/>\n<meta name=\"twitter:label1\" content=\"Tiempo de lectura\" \/>\n\t<meta name=\"twitter:data1\" content=\"2 minutos\" \/>\n<script type=\"application\/ld+json\" class=\"yoast-schema-graph\">{\"@context\":\"https:\/\/schema.org\",\"@graph\":[{\"@type\":\"WebPage\",\"@id\":\"https:\/\/clinicadentalcruells.cat\/es\/equipo\/\",\"url\":\"https:\/\/clinicadentalcruells.cat\/es\/equipo\/\",\"name\":\"Equipo - Cl\u00ednica dental Cruells\",\"isPartOf\":{\"@id\":\"https:\/\/clinicadentalcruells.cat\/es\/#website\"},\"primaryImageOfPage\":{\"@id\":\"https:\/\/clinicadentalcruells.cat\/es\/equipo\/#primaryimage\"},\"image\":{\"@id\":\"https:\/\/clinicadentalcruells.cat\/es\/equipo\/#primaryimage\"},\"thumbnailUrl\":\"https:\/\/clinicadentalcruells.cat\/wp-content\/uploads\/2023\/08\/sara_petit.jpg\",\"datePublished\":\"2023-09-26T09:44:36+00:00\",\"dateModified\":\"2025-02-04T12:48:19+00:00\",\"breadcrumb\":{\"@id\":\"https:\/\/clinicadentalcruells.cat\/es\/equipo\/#breadcrumb\"},\"inLanguage\":\"es\",\"potentialAction\":[{\"@type\":\"ReadAction\",\"target\":[\"https:\/\/clinicadentalcruells.cat\/es\/equipo\/\"]}]},{\"@type\":\"ImageObject\",\"inLanguage\":\"es\",\"@id\":\"https:\/\/clinicadentalcruells.cat\/es\/equipo\/#primaryimage\",\"url\":\"https:\/\/clinicadentalcruells.cat\/wp-content\/uploads\/2023\/08\/sara_petit.jpg\",\"contentUrl\":\"https:\/\/clinicadentalcruells.cat\/wp-content\/uploads\/2023\/08\/sara_petit.jpg\"},{\"@type\":\"BreadcrumbList\",\"@id\":\"https:\/\/clinicadentalcruells.cat\/es\/equipo\/#breadcrumb\",\"itemListElement\":[{\"@type\":\"ListItem\",\"position\":1,\"name\":\"Portada\",\"item\":\"https:\/\/clinicadentalcruells.cat\/es\/\"},{\"@type\":\"ListItem\",\"position\":2,\"name\":\"Equipo\"}]},{\"@type\":\"WebSite\",\"@id\":\"https:\/\/clinicadentalcruells.cat\/es\/#website\",\"url\":\"https:\/\/clinicadentalcruells.cat\/es\/\",\"name\":\"Cl\u00ednica dental Cruells\",\"description\":\"\",\"publisher\":{\"@id\":\"https:\/\/clinicadentalcruells.cat\/es\/#organization\"},\"potentialAction\":[{\"@type\":\"SearchAction\",\"target\":{\"@type\":\"EntryPoint\",\"urlTemplate\":\"https:\/\/clinicadentalcruells.cat\/es\/?s={search_term_string}\"},\"query-input\":{\"@type\":\"PropertyValueSpecification\",\"valueRequired\":true,\"valueName\":\"search_term_string\"}}],\"inLanguage\":\"es\"},{\"@type\":\"Organization\",\"@id\":\"https:\/\/clinicadentalcruells.cat\/es\/#organization\",\"name\":\"Cl\u00ednica dental Cruells\",\"url\":\"https:\/\/clinicadentalcruells.cat\/es\/\",\"logo\":{\"@type\":\"ImageObject\",\"inLanguage\":\"es\",\"@id\":\"https:\/\/clinicadentalcruells.cat\/es\/#\/schema\/logo\/image\/\",\"url\":\"https:\/\/clinicadentalcruells.cat\/wp-content\/uploads\/2025\/01\/Marca-Cruells-sola-2.png\",\"contentUrl\":\"https:\/\/clinicadentalcruells.cat\/wp-content\/uploads\/2025\/01\/Marca-Cruells-sola-2.png\",\"width\":1608,\"height\":1158,\"caption\":\"Cl\u00ednica dental Cruells\"},\"image\":{\"@id\":\"https:\/\/clinicadentalcruells.cat\/es\/#\/schema\/logo\/image\/\"}}]}<\/script>\n<!-- \/ Yoast SEO plugin. -->","yoast_head_json":{"title":"Equipo - Cl\u00ednica dental Cruells","robots":{"index":"index","follow":"follow","max-snippet":"max-snippet:-1","max-image-preview":"max-image-preview:large","max-video-preview":"max-video-preview:-1"},"canonical":"https:\/\/clinicadentalcruells.cat\/es\/equipo\/","og_locale":"es_ES","og_type":"article","og_title":"Equipo - Cl\u00ednica dental Cruells","og_description":"{\u00abcpt\u00bb:\u00bbteam\u00bb,\u00bbstyle\u00bb:\u00bb1&#8243;,\u00bbcolumns\u00bb:\u00bb3&#8243;,\u00bbshow\u00bb:8,\u00bborder\u00bb:\u00bbDESC\u00bb,\u00bborderby\u00bb:\u00bbnone\u00bb} Odontologia conservadora, period\u00f2ncia, pr\u00f2tesi dental, odontopediatria Dra. Sara Romero Est\u00e8tica, Pr\u00f2tesi dental, Implantolog\u00eda Dr. Esteban Padull\u00e9s Implantologia, pr\u00f2tesi dental, est\u00e8tica dental Dr. \u00c1lvaro C. Reuter Higienista Dental , Prot\u00e8sic dental Marc Cruells Higienista Dental Pol Cruells Qui\u00e9nes somos Equipo Servicios Contacto 937 983 988 640 573 647","og_url":"https:\/\/clinicadentalcruells.cat\/es\/equipo\/","og_site_name":"Cl\u00ednica dental Cruells","article_modified_time":"2025-02-04T12:48:19+00:00","og_image":[{"url":"https:\/\/clinicadentalcruells.cat\/wp-content\/uploads\/2023\/08\/sara_petit.jpg","type":"","width":"","height":""}],"twitter_card":"summary_large_image","twitter_misc":{"Tiempo de lectura":"2 minutos"},"schema":{"@context":"https:\/\/schema.org","@graph":[{"@type":"WebPage","@id":"https:\/\/clinicadentalcruells.cat\/es\/equipo\/","url":"https:\/\/clinicadentalcruells.cat\/es\/equipo\/","name":"Equipo - Cl\u00ednica dental Cruells","isPartOf":{"@id":"https:\/\/clinicadentalcruells.cat\/es\/#website"},"primaryImageOfPage":{"@id":"https:\/\/clinicadentalcruells.cat\/es\/equipo\/#primaryimage"},"image":{"@id":"https:\/\/clinicadentalcruells.cat\/es\/equipo\/#primaryimage"},"thumbnailUrl":"https:\/\/clinicadentalcruells.cat\/wp-content\/uploads\/2023\/08\/sara_petit.jpg","datePublished":"2023-09-26T09:44:36+00:00","dateModified":"2025-02-04T12:48:19+00:00","breadcrumb":{"@id":"https:\/\/clinicadentalcruells.cat\/es\/equipo\/#breadcrumb"},"inLanguage":"es","potentialAction":[{"@type":"ReadAction","target":["https:\/\/clinicadentalcruells.cat\/es\/equipo\/"]}]},{"@type":"ImageObject","inLanguage":"es","@id":"https:\/\/clinicadentalcruells.cat\/es\/equipo\/#primaryimage","url":"https:\/\/clinicadentalcruells.cat\/wp-content\/uploads\/2023\/08\/sara_petit.jpg","contentUrl":"https:\/\/clinicadentalcruells.cat\/wp-content\/uploads\/2023\/08\/sara_petit.jpg"},{"@type":"BreadcrumbList","@id":"https:\/\/clinicadentalcruells.cat\/es\/equipo\/#breadcrumb","itemListElement":[{"@type":"ListItem","position":1,"name":"Portada","item":"https:\/\/clinicadentalcruells.cat\/es\/"},{"@type":"ListItem","position":2,"name":"Equipo"}]},{"@type":"WebSite","@id":"https:\/\/clinicadentalcruells.cat\/es\/#website","url":"https:\/\/clinicadentalcruells.cat\/es\/","name":"Cl\u00ednica dental Cruells","description":"","publisher":{"@id":"https:\/\/clinicadentalcruells.cat\/es\/#organization"},"potentialAction":[{"@type":"SearchAction","target":{"@type":"EntryPoint","urlTemplate":"https:\/\/clinicadentalcruells.cat\/es\/?s={search_term_string}"},"query-input":{"@type":"PropertyValueSpecification","valueRequired":true,"valueName":"search_term_string"}}],"inLanguage":"es"},{"@type":"Organization","@id":"https:\/\/clinicadentalcruells.cat\/es\/#organization","name":"Cl\u00ednica dental Cruells","url":"https:\/\/clinicadentalcruells.cat\/es\/","logo":{"@type":"ImageObject","inLanguage":"es","@id":"https:\/\/clinicadentalcruells.cat\/es\/#\/schema\/logo\/image\/","url":"https:\/\/clinicadentalcruells.cat\/wp-content\/uploads\/2025\/01\/Marca-Cruells-sola-2.png","contentUrl":"https:\/\/clinicadentalcruells.cat\/wp-content\/uploads\/2025\/01\/Marca-Cruells-sola-2.png","width":1608,"height":1158,"caption":"Cl\u00ednica dental Cruells"},"image":{"@id":"https:\/\/clinicadentalcruells.cat\/es\/#\/schema\/logo\/image\/"}}]}},"_links":{"self":[{"href":"https:\/\/clinicadentalcruells.cat\/es\/wp-json\/wp\/v2\/pages\/909","targetHints":{"allow":["GET"]}}],"collection":[{"href":"https:\/\/clinicadentalcruells.cat\/es\/wp-json\/wp\/v2\/pages"}],"about":[{"href":"https:\/\/clinicadentalcruells.cat\/es\/wp-json\/wp\/v2\/types\/page"}],"author":[{"embeddable":true,"href":"https:\/\/clinicadentalcruells.cat\/es\/wp-json\/wp\/v2\/users\/1"}],"replies":[{"embeddable":true,"href":"https:\/\/clinicadentalcruells.cat\/es\/wp-json\/wp\/v2\/comments?post=909"}],"version-history":[{"count":2,"href":"https:\/\/clinicadentalcruells.cat\/es\/wp-json\/wp\/v2\/pages\/909\/revisions"}],"predecessor-version":[{"id":946,"href":"https:\/\/clinicadentalcruells.cat\/es\/wp-json\/wp\/v2\/pages\/909\/revisions\/946"}],"wp:attachment":[{"href":"https:\/\/clinicadentalcruells.cat\/es\/wp-json\/wp\/v2\/media?parent=909"}],"curies":[{"name":"wp","href":"https:\/\/api.w.org\/{rel}","templated":true}]}}