{"id":911,"date":"2023-09-15T05:02:30","date_gmt":"2023-09-15T03:02:30","guid":{"rendered":"https:\/\/clinicadentalcruells.cat\/contacto\/"},"modified":"2025-02-04T13:59:49","modified_gmt":"2025-02-04T12:59:49","slug":"contacto","status":"publish","type":"page","link":"https:\/\/clinicadentalcruells.cat\/es\/contacto\/","title":{"rendered":"Contacto"},"content":{"rendered":"\t\t<div data-elementor-type=\"wp-page\" data-elementor-id=\"911\" class=\"elementor elementor-911 elementor-82\">\n\t\t\t\t\t\t<section class=\"elementor-section elementor-top-section elementor-element elementor-element-ac345fc pbmit-col-stretched-none pbmit-bg-color-over-image elementor-section-boxed elementor-section-height-default elementor-section-height-default\" data-id=\"ac345fc\" data-element_type=\"section\">\n\t\t\t\t\t\t<div class=\"elementor-container elementor-column-gap-no\">\n\t\t\t\t\t<div class=\"elementor-column elementor-col-33 elementor-top-column elementor-element elementor-element-45d6b0c pbmit-bg-color-over-image\" data-id=\"45d6b0c\" data-element_type=\"column\">\n\t\t\t<div class=\"elementor-widget-wrap elementor-element-populated\">\n\t\t\t\t\t\t<div class=\"elementor-element elementor-element-15c959f elementor-widget elementor-widget-pbmit_icon_heading\" data-id=\"15c959f\" data-element_type=\"widget\" data-widget_type=\"pbmit_icon_heading.default\">\n\t\t\t\t<div class=\"elementor-widget-container\">\n\t\t\t\t\t<div class=\"pbmit-ihbox pbmit-ihbox-style-15\"><div class=\"pbmit-ihbox-box\">\n\t<div class=\"pbmit-icon-wrap d-flex align-items-center\">\n\t\t<div class=\"pbmit-ihbox-icon\"><div class=\"pbmit-ihbox-icon-wrapper pbmit-ihbox-icon-type-icon\"><div class=\"pbmit-icon-wrapper pbmit-icon-type-icon\"><i class=\"pbmit-xcare-icon pbmit-xcare-icon-email\"><\/i><\/div><\/div><\/div>\t\t\t\t\t<\/div>\n\t<h2 class=\"pbmit-element-title\">Env\u00edanos un email<\/h2>\t<div class=\"pbmit-content-wrapper\">\n\t\t\t\t<div class=\"pbmit-heading-desc\">&nbsp;<br>info@clinicadentalcruells.cat\n<\/div>\t<\/div>\t\n<\/div>\n<\/div>\t\t\t\t<\/div>\n\t\t\t\t<\/div>\n\t\t\t\t\t<\/div>\n\t\t<\/div>\n\t\t\t\t<div class=\"elementor-column elementor-col-33 elementor-top-column elementor-element elementor-element-4acc223 pbmit-bg-color-over-image\" data-id=\"4acc223\" data-element_type=\"column\">\n\t\t\t<div class=\"elementor-widget-wrap elementor-element-populated\">\n\t\t\t\t\t\t<div class=\"elementor-element elementor-element-639e267 elementor-widget elementor-widget-pbmit_icon_heading\" data-id=\"639e267\" data-element_type=\"widget\" data-widget_type=\"pbmit_icon_heading.default\">\n\t\t\t\t<div class=\"elementor-widget-container\">\n\t\t\t\t\t<div class=\"pbmit-ihbox pbmit-ihbox-style-15\"><div class=\"pbmit-ihbox-box\">\n\t<div class=\"pbmit-icon-wrap d-flex align-items-center\">\n\t\t<div class=\"pbmit-ihbox-icon\"><div class=\"pbmit-ihbox-icon-wrapper pbmit-ihbox-icon-type-icon\"><div class=\"pbmit-icon-wrapper pbmit-icon-type-icon\"><i class=\"pbmit-xcare-icon pbmit-xcare-icon-phone-call\"><\/i><\/div><\/div><\/div>\t\t\t\t\t<\/div>\n\t<h2 class=\"pbmit-element-title\">Ll\u00e1manos<\/h2>\t<div class=\"pbmit-content-wrapper\">\n\t\t\t\t<div class=\"pbmit-heading-desc\">Tel\u00e9fono: 937 983 988<br>M\u00f3vil: 640 573 647<\/div>\t<\/div>\t\n<\/div>\n<\/div>\t\t\t\t<\/div>\n\t\t\t\t<\/div>\n\t\t\t\t\t<\/div>\n\t\t<\/div>\n\t\t\t\t<div class=\"elementor-column elementor-col-33 elementor-top-column elementor-element elementor-element-0f1a7a4 pbmit-bg-color-over-image\" data-id=\"0f1a7a4\" data-element_type=\"column\">\n\t\t\t<div class=\"elementor-widget-wrap elementor-element-populated\">\n\t\t\t\t\t\t<div class=\"elementor-element elementor-element-324de0b elementor-widget elementor-widget-pbmit_icon_heading\" data-id=\"324de0b\" data-element_type=\"widget\" data-widget_type=\"pbmit_icon_heading.default\">\n\t\t\t\t<div class=\"elementor-widget-container\">\n\t\t\t\t\t<div class=\"pbmit-ihbox pbmit-ihbox-style-15\"><div class=\"pbmit-ihbox-box\">\n\t<div class=\"pbmit-icon-wrap d-flex align-items-center\">\n\t\t<div class=\"pbmit-ihbox-icon\"><div class=\"pbmit-ihbox-icon-wrapper pbmit-ihbox-icon-type-icon\"><div class=\"pbmit-icon-wrapper pbmit-icon-type-icon\"><i class=\"pbmit-xcare-icon pbmit-xcare-icon-placeholder\"><\/i><\/div><\/div><\/div>\t\t\t\t\t<\/div>\n\t<h2 class=\"pbmit-element-title\">D\u00f3nde estamos<\/h2>\t<div class=\"pbmit-content-wrapper\">\n\t\t\t\t<div class=\"pbmit-heading-desc\">C\/Juan Mel\u00e9ndez Vald\u00e9s<br>\u2028n\u00ba 11 bajo local 2\u2028<br>08302, Matar\u00f3<\/div>\t<\/div>\t\n<\/div>\n<\/div>\t\t\t\t<\/div>\n\t\t\t\t<\/div>\n\t\t\t\t\t<\/div>\n\t\t<\/div>\n\t\t\t\t\t<\/div>\n\t\t<\/section>\n\t\t\t\t<section class=\"elementor-section elementor-top-section elementor-element elementor-element-e2523f0 pbmit-col-stretched-none pbmit-bg-color-over-image elementor-section-boxed elementor-section-height-default elementor-section-height-default\" data-id=\"e2523f0\" data-element_type=\"section\">\n\t\t\t\t\t\t<div class=\"elementor-container elementor-column-gap-no\">\n\t\t\t\t\t<div class=\"elementor-column elementor-col-50 elementor-top-column elementor-element elementor-element-8070885 pbmit-bg-color-over-image\" data-id=\"8070885\" data-element_type=\"column\" data-settings=\"{&quot;background_background&quot;:&quot;classic&quot;}\">\n\t\t\t<div class=\"elementor-widget-wrap elementor-element-populated\">\n\t\t\t\t\t\t<div class=\"elementor-element elementor-element-961d05e elementor-widget elementor-widget-spacer\" data-id=\"961d05e\" data-element_type=\"widget\" data-widget_type=\"spacer.default\">\n\t\t\t\t<div class=\"elementor-widget-container\">\n\t\t\t\t\t\t\t<div class=\"elementor-spacer\">\n\t\t\t<div class=\"elementor-spacer-inner\"><\/div>\n\t\t<\/div>\n\t\t\t\t\t\t<\/div>\n\t\t\t\t<\/div>\n\t\t\t\t\t<\/div>\n\t\t<\/div>\n\t\t\t\t<div class=\"elementor-column elementor-col-50 elementor-top-column elementor-element elementor-element-28d3107 pbmit-bg-color-yes pbmit-elementor-bg-color-white pbmit-bg-color-over-image\" data-id=\"28d3107\" data-element_type=\"column\">\n\t\t\t<div class=\"elementor-widget-wrap elementor-element-populated\">\n\t\t\t\t\t\t<div class=\"elementor-element elementor-element-af1d4aa elementor-widget elementor-widget-pbmit_heading\" data-id=\"af1d4aa\" data-element_type=\"widget\" data-widget_type=\"pbmit_heading.default\">\n\t\t\t\t<div class=\"elementor-widget-container\">\n\t\t\t\t\t <div class=\"pbmit-heading-subheading pbmit-heading-subheading-style-1 pbmit-reverse-heading-yes animation-style4\"><h2 class=\"pbmit-element-title\">\n\t\t\t\t\n\t\t\t\t\tVis\u00edtanos\n\t\t\t\t\n\t\t\t\t<\/h2>\n\t\t\t<\/div>\t\t\t\t<\/div>\n\t\t\t\t<\/div>\n\t\t\t\t<div class=\"elementor-element elementor-element-69a3c4f elementor-widget elementor-widget-google_maps\" data-id=\"69a3c4f\" data-element_type=\"widget\" data-widget_type=\"google_maps.default\">\n\t\t\t\t<div class=\"elementor-widget-container\">\n\t\t\t\t\t\t\t<div class=\"elementor-custom-embed\">\n\t\t\t<iframe loading=\"lazy\"\n\t\t\t\t\tsrc=\"https:\/\/maps.google.com\/maps?q=Carrer%20Mel%C3%A9ndez%20Vald%C3%A9s%2C%2011%2C%2008302%20Matar%C3%B3%2C%20Barcelona&#038;t=m&#038;z=18&#038;output=embed&#038;iwloc=near\"\n\t\t\t\t\ttitle=\"Carrer Mel\u00e9ndez Vald\u00e9s, 11, 08302 Matar\u00f3, Barcelona\"\n\t\t\t\t\taria-label=\"Carrer Mel\u00e9ndez Vald\u00e9s, 11, 08302 Matar\u00f3, Barcelona\"\n\t\t\t><\/iframe>\n\t\t<\/div>\n\t\t\t\t\t\t<\/div>\n\t\t\t\t<\/div>\n\t\t\t\t\t<\/div>\n\t\t<\/div>\n\t\t\t\t\t<\/div>\n\t\t<\/section>\n\t\t\t\t<section class=\"elementor-section elementor-top-section elementor-element elementor-element-9f35780 pbmit-bg-color-yes pbmit-elementor-bg-color-blackish elementor-section-content-middle elementor-section-stretched pbmit-text-color-white pbmit-col-stretched-none pbmit-bg-color-over-image elementor-section-boxed elementor-section-height-default elementor-section-height-default\" data-id=\"9f35780\" data-element_type=\"section\" data-settings=\"{&quot;stretch_section&quot;:&quot;section-stretched&quot;}\">\n\t\t\t\t\t\t<div class=\"elementor-container elementor-column-gap-no\">\n\t\t\t\t\t<div class=\"elementor-column elementor-col-50 elementor-top-column elementor-element elementor-element-f63f6de pbmit-bg-color-over-image\" data-id=\"f63f6de\" data-element_type=\"column\">\n\t\t\t<div class=\"elementor-widget-wrap elementor-element-populated\">\n\t\t\t\t\t\t<div class=\"elementor-element elementor-element-df6e0d6 elementor-icon-list--layout-inline pbmit-footer-menu-top elementor-list-item-link-full_width elementor-widget elementor-widget-icon-list\" data-id=\"df6e0d6\" data-element_type=\"widget\" data-widget_type=\"icon-list.default\">\n\t\t\t\t<div class=\"elementor-widget-container\">\n\t\t\t\t\t\t\t<ul class=\"elementor-icon-list-items elementor-inline-items\">\n\t\t\t\t\t\t\t<li class=\"elementor-icon-list-item elementor-inline-item\">\n\t\t\t\t\t\t\t\t\t\t\t<a href=\"https:\/\/clinicadentalcruells.cat\/nosaltres\/\">\n\n\t\t\t\t\t\t\t\t\t\t\t<span class=\"elementor-icon-list-text\">Qui\u00e9nes somos<\/span>\n\t\t\t\t\t\t\t\t\t\t\t<\/a>\n\t\t\t\t\t\t\t\t\t<\/li>\n\t\t\t\t\t\t\t\t<li class=\"elementor-icon-list-item elementor-inline-item\">\n\t\t\t\t\t\t\t\t\t\t\t<a href=\"https:\/\/clinicadentalcruells.cat\/es\/equipo\/\">\n\n\t\t\t\t\t\t\t\t\t\t\t<span class=\"elementor-icon-list-text\">Equipo<\/span>\n\t\t\t\t\t\t\t\t\t\t\t<\/a>\n\t\t\t\t\t\t\t\t\t<\/li>\n\t\t\t\t\t\t\t\t<li class=\"elementor-icon-list-item elementor-inline-item\">\n\t\t\t\t\t\t\t\t\t\t\t<a href=\"https:\/\/clinicadentalcruells.cat\/es\/servicios\/\">\n\n\t\t\t\t\t\t\t\t\t\t\t<span class=\"elementor-icon-list-text\">Servicios<\/span>\n\t\t\t\t\t\t\t\t\t\t\t<\/a>\n\t\t\t\t\t\t\t\t\t<\/li>\n\t\t\t\t\t\t\t\t<li class=\"elementor-icon-list-item elementor-inline-item\">\n\t\t\t\t\t\t\t\t\t\t\t<a href=\"https:\/\/clinicadentalcruells.cat\/contacte\/\">\n\n\t\t\t\t\t\t\t\t\t\t\t<span class=\"elementor-icon-list-text\">Contacto<\/span>\n\t\t\t\t\t\t\t\t\t\t\t<\/a>\n\t\t\t\t\t\t\t\t\t<\/li>\n\t\t\t\t\t\t<\/ul>\n\t\t\t\t\t\t<\/div>\n\t\t\t\t<\/div>\n\t\t\t\t\t<\/div>\n\t\t<\/div>\n\t\t\t\t<div class=\"elementor-column elementor-col-25 elementor-top-column elementor-element elementor-element-e061079 pbmit-bg-color-over-image\" data-id=\"e061079\" data-element_type=\"column\">\n\t\t\t<div class=\"elementor-widget-wrap elementor-element-populated\">\n\t\t\t\t\t\t<div class=\"elementor-element elementor-element-1f50fa4 elementor-widget elementor-widget-pbmit_icon_heading\" data-id=\"1f50fa4\" data-element_type=\"widget\" data-widget_type=\"pbmit_icon_heading.default\">\n\t\t\t\t<div class=\"elementor-widget-container\">\n\t\t\t\t\t<div class=\"pbmit-ihbox pbmit-ihbox-style-13\"><div class=\"pbmit-ihbox-box\">\n\t<div class=\"pbmit-ihbox-icon\"><div class=\"pbmit-ihbox-icon-wrapper pbmit-ihbox-icon-type-icon\"><div class=\"pbmit-icon-wrapper pbmit-icon-type-icon\"><i class=\"pbmit-xcare-icon pbmit-xcare-icon-phone-call\"><\/i><\/div><\/div><\/div>\t<div class=\"pbmit-ihbox-contents\">\n\t\t\t\t\t<h2 class=\"pbmit-element-title\">937 983 988<\/h2>\t\t\t\t\t<\/div>\n<\/div><\/div>\t\t\t\t<\/div>\n\t\t\t\t<\/div>\n\t\t\t\t\t<\/div>\n\t\t<\/div>\n\t\t\t\t<div class=\"elementor-column elementor-col-25 elementor-top-column elementor-element elementor-element-835292f pbmit-bg-color-over-image\" data-id=\"835292f\" data-element_type=\"column\">\n\t\t\t<div class=\"elementor-widget-wrap elementor-element-populated\">\n\t\t\t\t\t\t<div class=\"elementor-element elementor-element-12d76d1 elementor-widget elementor-widget-pbmit_icon_heading\" data-id=\"12d76d1\" data-element_type=\"widget\" data-widget_type=\"pbmit_icon_heading.default\">\n\t\t\t\t<div class=\"elementor-widget-container\">\n\t\t\t\t\t<div class=\"pbmit-ihbox pbmit-ihbox-style-13\"><div class=\"pbmit-ihbox-box\">\n\t<div class=\"pbmit-ihbox-icon\"><div class=\"pbmit-ihbox-icon-wrapper pbmit-ihbox-icon-type-icon\"><div class=\"pbmit-icon-wrapper pbmit-icon-type-icon\"><svg class=\"e-font-icon-svg e-fab-whatsapp\" viewBox=\"0 0 448 512\" xmlns=\"http:\/\/www.w3.org\/2000\/svg\"><path d=\"M380.9 97.1C339 55.1 283.2 32 223.9 32c-122.4 0-222 99.6-222 222 0 39.1 10.2 77.3 29.6 111L0 480l117.7-30.9c32.4 17.7 68.9 27 106.1 27h.1c122.3 0 224.1-99.6 224.1-222 0-59.3-25.2-115-67.1-157zm-157 341.6c-33.2 0-65.7-8.9-94-25.7l-6.7-4-69.8 18.3L72 359.2l-4.4-7c-18.5-29.4-28.2-63.3-28.2-98.2 0-101.7 82.8-184.5 184.6-184.5 49.3 0 95.6 19.2 130.4 54.1 34.8 34.9 56.2 81.2 56.1 130.5 0 101.8-84.9 184.6-186.6 184.6zm101.2-138.2c-5.5-2.8-32.8-16.2-37.9-18-5.1-1.9-8.8-2.8-12.5 2.8-3.7 5.6-14.3 18-17.6 21.8-3.2 3.7-6.5 4.2-12 1.4-32.6-16.3-54-29.1-75.5-66-5.7-9.8 5.7-9.1 16.3-30.3 1.8-3.7.9-6.9-.5-9.7-1.4-2.8-12.5-30.1-17.1-41.2-4.5-10.8-9.1-9.3-12.5-9.5-3.2-.2-6.9-.2-10.6-.2-3.7 0-9.7 1.4-14.8 6.9-5.1 5.6-19.4 19-19.4 46.3 0 27.3 19.9 53.7 22.6 57.4 2.8 3.7 39.1 59.7 94.8 83.8 35.2 15.2 49 16.5 66.6 13.9 10.7-1.6 32.8-13.4 37.4-26.4 4.6-13 4.6-24.1 3.2-26.4-1.3-2.5-5-3.9-10.5-6.6z\"><\/path><\/svg><\/div><\/div><\/div>\t<div class=\"pbmit-ihbox-contents\">\n\t\t\t\t\t<h2 class=\"pbmit-element-title\">640 573 647<\/h2>\t\t\t\t\t<\/div>\n<\/div><\/div>\t\t\t\t<\/div>\n\t\t\t\t<\/div>\n\t\t\t\t\t<\/div>\n\t\t<\/div>\n\t\t\t\t\t<\/div>\n\t\t<\/section>\n\t\t\t\t<\/div>\n\t\t","protected":false},"excerpt":{"rendered":"<p>Env\u00edanos un email &nbsp;info@clinicadentalcruells.cat Ll\u00e1manos Tel\u00e9fono: 937 983 988M\u00f3vil: 640 573 647 D\u00f3nde estamos C\/Juan Mel\u00e9ndez Vald\u00e9s\u2028n\u00ba 11 bajo local 2\u202808302, Matar\u00f3 Vis\u00edtanos Qui\u00e9nes somos Equipo Servicios Contacto 937 983 988 640 573 647<\/p>\n","protected":false},"author":1,"featured_media":0,"parent":0,"menu_order":35,"comment_status":"closed","ping_status":"closed","template":"","meta":{"_acf_changed":false,"inline_featured_image":false,"_joinchat":[],"footnotes":""},"class_list":["post-911","page","type-page","status-publish","hentry"],"acf":[],"yoast_head":"<!-- This site is optimized with the Yoast SEO plugin v24.4 - https:\/\/yoast.com\/wordpress\/plugins\/seo\/ -->\n<title>Contacto - Cl\u00ednica dental Cruells<\/title>\n<meta name=\"robots\" content=\"index, follow, max-snippet:-1, max-image-preview:large, max-video-preview:-1\" \/>\n<link rel=\"canonical\" href=\"https:\/\/clinicadentalcruells.cat\/es\/contacto\/\" \/>\n<meta property=\"og:locale\" content=\"es_ES\" \/>\n<meta property=\"og:type\" content=\"article\" \/>\n<meta property=\"og:title\" content=\"Contacto - Cl\u00ednica dental Cruells\" \/>\n<meta property=\"og:description\" content=\"Env\u00edanos un email &nbsp;info@clinicadentalcruells.cat Ll\u00e1manos Tel\u00e9fono: 937 983 988M\u00f3vil: 640 573 647 D\u00f3nde estamos C\/Juan Mel\u00e9ndez Vald\u00e9s\u2028n\u00ba 11 bajo local 2\u202808302, Matar\u00f3 Vis\u00edtanos Qui\u00e9nes somos Equipo Servicios Contacto 937 983 988 640 573 647\" \/>\n<meta property=\"og:url\" content=\"https:\/\/clinicadentalcruells.cat\/es\/contacto\/\" \/>\n<meta property=\"og:site_name\" content=\"Cl\u00ednica dental Cruells\" \/>\n<meta property=\"article:modified_time\" content=\"2025-02-04T12:59:49+00:00\" \/>\n<meta name=\"twitter:card\" content=\"summary_large_image\" \/>\n<meta name=\"twitter:label1\" content=\"Tiempo de lectura\" \/>\n\t<meta name=\"twitter:data1\" content=\"1 minuto\" \/>\n<script type=\"application\/ld+json\" class=\"yoast-schema-graph\">{\"@context\":\"https:\/\/schema.org\",\"@graph\":[{\"@type\":\"WebPage\",\"@id\":\"https:\/\/clinicadentalcruells.cat\/es\/contacto\/\",\"url\":\"https:\/\/clinicadentalcruells.cat\/es\/contacto\/\",\"name\":\"Contacto - Cl\u00ednica dental Cruells\",\"isPartOf\":{\"@id\":\"https:\/\/clinicadentalcruells.cat\/es\/#website\"},\"datePublished\":\"2023-09-15T03:02:30+00:00\",\"dateModified\":\"2025-02-04T12:59:49+00:00\",\"breadcrumb\":{\"@id\":\"https:\/\/clinicadentalcruells.cat\/es\/contacto\/#breadcrumb\"},\"inLanguage\":\"es\",\"potentialAction\":[{\"@type\":\"ReadAction\",\"target\":[\"https:\/\/clinicadentalcruells.cat\/es\/contacto\/\"]}]},{\"@type\":\"BreadcrumbList\",\"@id\":\"https:\/\/clinicadentalcruells.cat\/es\/contacto\/#breadcrumb\",\"itemListElement\":[{\"@type\":\"ListItem\",\"position\":1,\"name\":\"Portada\",\"item\":\"https:\/\/clinicadentalcruells.cat\/es\/\"},{\"@type\":\"ListItem\",\"position\":2,\"name\":\"Contacto\"}]},{\"@type\":\"WebSite\",\"@id\":\"https:\/\/clinicadentalcruells.cat\/es\/#website\",\"url\":\"https:\/\/clinicadentalcruells.cat\/es\/\",\"name\":\"Cl\u00ednica dental Cruells\",\"description\":\"\",\"publisher\":{\"@id\":\"https:\/\/clinicadentalcruells.cat\/es\/#organization\"},\"potentialAction\":[{\"@type\":\"SearchAction\",\"target\":{\"@type\":\"EntryPoint\",\"urlTemplate\":\"https:\/\/clinicadentalcruells.cat\/es\/?s={search_term_string}\"},\"query-input\":{\"@type\":\"PropertyValueSpecification\",\"valueRequired\":true,\"valueName\":\"search_term_string\"}}],\"inLanguage\":\"es\"},{\"@type\":\"Organization\",\"@id\":\"https:\/\/clinicadentalcruells.cat\/es\/#organization\",\"name\":\"Cl\u00ednica dental Cruells\",\"url\":\"https:\/\/clinicadentalcruells.cat\/es\/\",\"logo\":{\"@type\":\"ImageObject\",\"inLanguage\":\"es\",\"@id\":\"https:\/\/clinicadentalcruells.cat\/es\/#\/schema\/logo\/image\/\",\"url\":\"https:\/\/clinicadentalcruells.cat\/wp-content\/uploads\/2025\/01\/Marca-Cruells-sola-2.png\",\"contentUrl\":\"https:\/\/clinicadentalcruells.cat\/wp-content\/uploads\/2025\/01\/Marca-Cruells-sola-2.png\",\"width\":1608,\"height\":1158,\"caption\":\"Cl\u00ednica dental Cruells\"},\"image\":{\"@id\":\"https:\/\/clinicadentalcruells.cat\/es\/#\/schema\/logo\/image\/\"}}]}<\/script>\n<!-- \/ Yoast SEO plugin. -->","yoast_head_json":{"title":"Contacto - Cl\u00ednica dental Cruells","robots":{"index":"index","follow":"follow","max-snippet":"max-snippet:-1","max-image-preview":"max-image-preview:large","max-video-preview":"max-video-preview:-1"},"canonical":"https:\/\/clinicadentalcruells.cat\/es\/contacto\/","og_locale":"es_ES","og_type":"article","og_title":"Contacto - Cl\u00ednica dental Cruells","og_description":"Env\u00edanos un email &nbsp;info@clinicadentalcruells.cat Ll\u00e1manos Tel\u00e9fono: 937 983 988M\u00f3vil: 640 573 647 D\u00f3nde estamos C\/Juan Mel\u00e9ndez Vald\u00e9s\u2028n\u00ba 11 bajo local 2\u202808302, Matar\u00f3 Vis\u00edtanos Qui\u00e9nes somos Equipo Servicios Contacto 937 983 988 640 573 647","og_url":"https:\/\/clinicadentalcruells.cat\/es\/contacto\/","og_site_name":"Cl\u00ednica dental Cruells","article_modified_time":"2025-02-04T12:59:49+00:00","twitter_card":"summary_large_image","twitter_misc":{"Tiempo de lectura":"1 minuto"},"schema":{"@context":"https:\/\/schema.org","@graph":[{"@type":"WebPage","@id":"https:\/\/clinicadentalcruells.cat\/es\/contacto\/","url":"https:\/\/clinicadentalcruells.cat\/es\/contacto\/","name":"Contacto - Cl\u00ednica dental Cruells","isPartOf":{"@id":"https:\/\/clinicadentalcruells.cat\/es\/#website"},"datePublished":"2023-09-15T03:02:30+00:00","dateModified":"2025-02-04T12:59:49+00:00","breadcrumb":{"@id":"https:\/\/clinicadentalcruells.cat\/es\/contacto\/#breadcrumb"},"inLanguage":"es","potentialAction":[{"@type":"ReadAction","target":["https:\/\/clinicadentalcruells.cat\/es\/contacto\/"]}]},{"@type":"BreadcrumbList","@id":"https:\/\/clinicadentalcruells.cat\/es\/contacto\/#breadcrumb","itemListElement":[{"@type":"ListItem","position":1,"name":"Portada","item":"https:\/\/clinicadentalcruells.cat\/es\/"},{"@type":"ListItem","position":2,"name":"Contacto"}]},{"@type":"WebSite","@id":"https:\/\/clinicadentalcruells.cat\/es\/#website","url":"https:\/\/clinicadentalcruells.cat\/es\/","name":"Cl\u00ednica dental Cruells","description":"","publisher":{"@id":"https:\/\/clinicadentalcruells.cat\/es\/#organization"},"potentialAction":[{"@type":"SearchAction","target":{"@type":"EntryPoint","urlTemplate":"https:\/\/clinicadentalcruells.cat\/es\/?s={search_term_string}"},"query-input":{"@type":"PropertyValueSpecification","valueRequired":true,"valueName":"search_term_string"}}],"inLanguage":"es"},{"@type":"Organization","@id":"https:\/\/clinicadentalcruells.cat\/es\/#organization","name":"Cl\u00ednica dental Cruells","url":"https:\/\/clinicadentalcruells.cat\/es\/","logo":{"@type":"ImageObject","inLanguage":"es","@id":"https:\/\/clinicadentalcruells.cat\/es\/#\/schema\/logo\/image\/","url":"https:\/\/clinicadentalcruells.cat\/wp-content\/uploads\/2025\/01\/Marca-Cruells-sola-2.png","contentUrl":"https:\/\/clinicadentalcruells.cat\/wp-content\/uploads\/2025\/01\/Marca-Cruells-sola-2.png","width":1608,"height":1158,"caption":"Cl\u00ednica dental Cruells"},"image":{"@id":"https:\/\/clinicadentalcruells.cat\/es\/#\/schema\/logo\/image\/"}}]}},"_links":{"self":[{"href":"https:\/\/clinicadentalcruells.cat\/es\/wp-json\/wp\/v2\/pages\/911","targetHints":{"allow":["GET"]}}],"collection":[{"href":"https:\/\/clinicadentalcruells.cat\/es\/wp-json\/wp\/v2\/pages"}],"about":[{"href":"https:\/\/clinicadentalcruells.cat\/es\/wp-json\/wp\/v2\/types\/page"}],"author":[{"embeddable":true,"href":"https:\/\/clinicadentalcruells.cat\/es\/wp-json\/wp\/v2\/users\/1"}],"replies":[{"embeddable":true,"href":"https:\/\/clinicadentalcruells.cat\/es\/wp-json\/wp\/v2\/comments?post=911"}],"version-history":[{"count":2,"href":"https:\/\/clinicadentalcruells.cat\/es\/wp-json\/wp\/v2\/pages\/911\/revisions"}],"predecessor-version":[{"id":959,"href":"https:\/\/clinicadentalcruells.cat\/es\/wp-json\/wp\/v2\/pages\/911\/revisions\/959"}],"wp:attachment":[{"href":"https:\/\/clinicadentalcruells.cat\/es\/wp-json\/wp\/v2\/media?parent=911"}],"curies":[{"name":"wp","href":"https:\/\/api.w.org\/{rel}","templated":true}]}}